{"id":4275,"date":"2023-05-14T17:54:18","date_gmt":"2023-05-14T17:54:18","guid":{"rendered":"https:\/\/patmaloney.com\/?page_id=4275"},"modified":"2025-02-11T19:32:48","modified_gmt":"2025-02-11T19:32:48","slug":"pat-maloney","status":"publish","type":"page","link":"https:\/\/patmaloney.com\/es\/pat-maloney\/","title":{"rendered":"Pat Maloney"},"content":{"rendered":"\n\n\t\t\t\t<img decoding=\"async\" src=\"https:\/\/patmaloney.com\/wp-content\/uploads\/2023\/05\/Attorney-Pat-Maloney.jpeg\" alt=\"Attorney Pat Maloney\" itemprop=\"image\" height=\"480\" width=\"480\" title=\"Attorney Pat Maloney\" onerror=\"this.style.display='none'\"  \/>\n\t<h1>Pat Maloney, Jr.<\/h1>\n<h2>Pareja<\/h2>\n\t<h1>Biograf\u00eda<\/h1>\n<p>Pat Maloney, Jr. es un destacado abogado de lesiones personales en San Antonio, reconocido por su habilidad y experiencia. Ha liderado y colaborado en numerosos veredictos multimillonarios en todo Texas. Su reputaci\u00f3n como experto en la representaci\u00f3n de v\u00edctimas de lesiones graves es ampliamente conocida, y ha sido invitado como conferencista en el \u00e1mbito del litigio por lesiones personales.<\/p>\n<p>Por si fuera poco, en los \u00faltimos cinco a\u00f1os, ha sido incluido anualmente en el prestigioso listado de los \u00abMejores Abogados de Estados Unidos\u00bb.<\/p>\n<p>Pat Maloney, Jr. Obtuvo su t\u00edtulo universitario en la Universidad de Texas en 1975 y su t\u00edtulo de abogado en la Universidad de St. Mary &#8216;s en 1977. Hoy, con m\u00e1s de 30 a\u00f1os de experiencia, ha sido un miembro activo de la pr\u00e1ctica del derecho, dedicando su carrera a la firma Pat Maloney: Abogado de accidentes y lesiones.<\/p>\n<p>El Sr. Maloney est\u00e1 certificado en Derecho Procesal de Lesiones Personales por la Junta de Especializaci\u00f3n Legal de Texas. Adem\u00e1s, es miembro activo de las Asociaciones de Abogados y de Abogados Litigantes de San Antonio, la Asociaci\u00f3n de Abogados Litigantes de Texas, as\u00ed como de las Asociaciones Americanas de Abogados y de Justicia.<\/p>\n<p>Est\u00e1 autorizado por la Corte Suprema de Texas, el Tribunal de Distrito de los Estados Unidos para el Distrito Oeste de Texas, el Tribunal de Apelaciones del Quinto Circuito y la Corte Suprema de los Estados Unidos.<\/p>\n\t<h2>\u00c1reas de pr\u00e1ctica<\/h2>\n\t<ul>\n<li>Lesiones personales<\/li>\n<li>Lesiones catastr\u00f3ficas<\/li>\n<li>Accidentes automovil\u00edsticos graves<\/li>\n<li>Accidentes graves de camiones<\/li>\n<li>Lesiones cerebrales traum\u00e1ticas<\/li>\n<li>Lesiones de la columna vertebral<\/li>\n<\/ul>\n\t<ul>\n<li>Accidentes de construcci\u00f3n<\/li>\n<li>Accidentes laborales<\/li>\n<li>Accidentes en yacimientos petrol\u00edferos<\/li>\n<li>Accidentes con peatones involucrados<\/li>\n<li>Casos de muerte por negligencia<\/li>\n<li>Lesiones por productos defectuosos<\/li>\n<\/ul>\n\t<ul>\n<li>Accidentes relacionados con conducci\u00f3n imprudente<\/li>\n<li>Lesiones por accidentes de bicicleta<\/li>\n<li>Defectos cong\u00e9nitos<\/li>\n<li>Accidentes relacionados con fatiga del conductor<\/li>\n<li>Accidentes graves de motocicleta<\/li>\n<\/ul>\n\t<h2>Autorizado en:<\/h2>\n<ul>\n<li>Tribunal de Distrito de los Estados Unidos para el Distrito Oeste de Texas<\/li>\n<li>Tribunal Supremo de Texas<\/li>\n<li>Tribunal de Apelaciones del Quinto Circuito<\/li>\n<li>Corte Suprema de los Estados Unidos<\/li>\n<\/ul>\n<h2>Certificaciones<\/h2>\n<ul>\n<li>Derecho Procesal por Lesiones Personales por la Junta de Especializaci\u00f3n Legal de Texas.<\/li>\n<\/ul>\n<h2>Premios y Reconocimientos<\/h2>\n<ul>\n<li>Premio Henry B. Gonz\u00e1lez otorgado por la Asociaci\u00f3n de Antiguos Alumnos de Derecho Hispano de St. Mary.<\/li>\n<li>Nombrado Abogado Litigante Joven Destacado por la Asociaci\u00f3n de Abogados Litigantes de San Antonio.<\/li>\n<li>Reconocido como uno de los 100 Mejores Abogados Litigantes Nacionales desde 2003 hasta 2023.<\/li>\n<li>Premio al Valor Senior de Dem\u00f3cratas del Noroeste.<\/li>\n<li>Orador en el seminario \u00abLos Mejores Abogados de Texas\u00bb.<\/li>\n<\/ul>\n\t<h2>Asociaciones<\/h2>\n<ul>\n<li>Academia de Abogados de Accidentes de Camiones<\/li>\n<li>Asociaci\u00f3n Estadounidense de Justicia<\/li>\n<li>Asociaci\u00f3n Estadounidense de Abogados<\/li>\n<li>Asociaci\u00f3n de Abogados Litigantes de San Antonio (Presidente)<\/li>\n<li>Asociaci\u00f3n de Abogados de San Antonio<\/li>\n<li>Asociaci\u00f3n de Abogados del Estado de Texas<\/li>\n<li>Asociaci\u00f3n de Abogados Litigantes de Texas<\/li>\n<li>Asociaci\u00f3n de Abogados Demandantes de Camiones Interestatales de Estados Unidos<\/li>\n<li>Asociaci\u00f3n Nacional de Abogados Litigantes (Director)<\/li>\n<\/ul>\n\n","protected":false},"excerpt":{"rendered":"<p>Pat Maloney, Jr. Pareja Biograf\u00eda Pat Maloney, Jr. es un destacado abogado de lesiones personales en San Antonio, reconocido por su habilidad y experiencia. Ha liderado y colaborado en numerosos veredictos multimillonarios en todo Texas. Su reputaci\u00f3n como experto en la representaci\u00f3n de v\u00edctimas de lesiones graves es ampliamente conocida, y ha sido invitado como&hellip;<\/p>\n","protected":false},"author":2,"featured_media":0,"parent":0,"menu_order":0,"comment_status":"closed","ping_status":"closed","template":"","meta":{"footnotes":""},"class_list":["post-4275","page","type-page","status-publish","hentry"],"yoast_head":"<!-- This site is optimized with the Yoast SEO plugin v27.4 - https:\/\/yoast.com\/product\/yoast-seo-wordpress\/ -->\n<title>Pat Maloney - Pat Maloney: Accident &amp; Injury Attorney<\/title>\n<meta name=\"robots\" content=\"index, follow, max-snippet:-1, max-image-preview:large, max-video-preview:-1\" \/>\n<link rel=\"canonical\" href=\"https:\/\/patmaloney.com\/es\/pat-maloney\/\" \/>\n<meta property=\"og:locale\" content=\"es_ES\" \/>\n<meta property=\"og:type\" content=\"article\" \/>\n<meta property=\"og:title\" content=\"Pat Maloney - Pat Maloney: Accident &amp; Injury Attorney\" \/>\n<meta property=\"og:description\" content=\"Pat Maloney, Jr. Pareja Biograf\u00eda Pat Maloney, Jr. es un destacado abogado de lesiones personales en San Antonio, reconocido por su habilidad y experiencia. Ha liderado y colaborado en numerosos veredictos multimillonarios en todo Texas. Su reputaci\u00f3n como experto en la representaci\u00f3n de v\u00edctimas de lesiones graves es ampliamente conocida, y ha sido invitado como&hellip;\" \/>\n<meta property=\"og:url\" content=\"https:\/\/patmaloney.com\/es\/pat-maloney\/\" \/>\n<meta property=\"og:site_name\" content=\"Pat Maloney: Accident &amp; Injury Attorney\" \/>\n<meta property=\"article:modified_time\" content=\"2025-02-11T19:32:48+00:00\" \/>\n<meta property=\"og:image\" content=\"https:\/\/patmaloney.com\/wp-content\/uploads\/2023\/05\/Attorney-Pat-Maloney.jpeg\" \/>\n<meta name=\"twitter:card\" content=\"summary_large_image\" \/>\n<script type=\"application\/ld+json\" class=\"yoast-schema-graph\">{\"@context\":\"https:\\\/\\\/schema.org\",\"@graph\":[{\"@type\":\"WebPage\",\"@id\":\"https:\\\/\\\/patmaloney.com\\\/es\\\/pat-maloney\\\/\",\"url\":\"https:\\\/\\\/patmaloney.com\\\/es\\\/pat-maloney\\\/\",\"name\":\"Pat Maloney - Pat Maloney: Accident &amp; Injury Attorney\",\"isPartOf\":{\"@id\":\"https:\\\/\\\/patmaloney.com\\\/es\\\/#website\"},\"primaryImageOfPage\":{\"@id\":\"https:\\\/\\\/patmaloney.com\\\/es\\\/pat-maloney\\\/#primaryimage\"},\"image\":{\"@id\":\"https:\\\/\\\/patmaloney.com\\\/es\\\/pat-maloney\\\/#primaryimage\"},\"thumbnailUrl\":\"https:\\\/\\\/patmaloney.com\\\/wp-content\\\/uploads\\\/2023\\\/05\\\/Attorney-Pat-Maloney.jpeg\",\"datePublished\":\"2023-05-14T17:54:18+00:00\",\"dateModified\":\"2025-02-11T19:32:48+00:00\",\"breadcrumb\":{\"@id\":\"https:\\\/\\\/patmaloney.com\\\/es\\\/pat-maloney\\\/#breadcrumb\"},\"inLanguage\":\"es\",\"potentialAction\":[{\"@type\":\"ReadAction\",\"target\":[\"https:\\\/\\\/patmaloney.com\\\/es\\\/pat-maloney\\\/\"]}]},{\"@type\":\"ImageObject\",\"inLanguage\":\"es\",\"@id\":\"https:\\\/\\\/patmaloney.com\\\/es\\\/pat-maloney\\\/#primaryimage\",\"url\":\"https:\\\/\\\/patmaloney.com\\\/wp-content\\\/uploads\\\/2023\\\/05\\\/Attorney-Pat-Maloney.jpeg\",\"contentUrl\":\"https:\\\/\\\/patmaloney.com\\\/wp-content\\\/uploads\\\/2023\\\/05\\\/Attorney-Pat-Maloney.jpeg\"},{\"@type\":\"BreadcrumbList\",\"@id\":\"https:\\\/\\\/patmaloney.com\\\/es\\\/pat-maloney\\\/#breadcrumb\",\"itemListElement\":[{\"@type\":\"ListItem\",\"position\":1,\"name\":\"Home\",\"item\":\"https:\\\/\\\/patmaloney.com\\\/es\\\/\"},{\"@type\":\"ListItem\",\"position\":2,\"name\":\"Pat Maloney\"}]},{\"@type\":\"WebSite\",\"@id\":\"https:\\\/\\\/patmaloney.com\\\/es\\\/#website\",\"url\":\"https:\\\/\\\/patmaloney.com\\\/es\\\/\",\"name\":\"Pat Maloney: Accident & Injury Attorney\",\"description\":\"San Antonio Personal Injury Lawyer\",\"publisher\":{\"@id\":\"https:\\\/\\\/patmaloney.com\\\/es\\\/#organization\"},\"alternateName\":\"Pat Maloney: Accident & Injury Attorney\",\"potentialAction\":[{\"@type\":\"SearchAction\",\"target\":{\"@type\":\"EntryPoint\",\"urlTemplate\":\"https:\\\/\\\/patmaloney.com\\\/es\\\/?s={search_term_string}\"},\"query-input\":{\"@type\":\"PropertyValueSpecification\",\"valueRequired\":true,\"valueName\":\"search_term_string\"}}],\"inLanguage\":\"es\"},{\"@type\":\"Organization\",\"@id\":\"https:\\\/\\\/patmaloney.com\\\/es\\\/#organization\",\"name\":\"Pat Maloney: Accident & Injury Attorney\",\"alternateName\":\"Pat Maloney: Accident & Injury Attorney, P.C.\",\"url\":\"https:\\\/\\\/patmaloney.com\\\/es\\\/\",\"logo\":{\"@type\":\"ImageObject\",\"inLanguage\":\"es\",\"@id\":\"https:\\\/\\\/patmaloney.com\\\/es\\\/#\\\/schema\\\/logo\\\/image\\\/\",\"url\":\"https:\\\/\\\/patmaloney.com\\\/wp-content\\\/uploads\\\/2023\\\/05\\\/MaloneyLogo2024-1.png\",\"contentUrl\":\"https:\\\/\\\/patmaloney.com\\\/wp-content\\\/uploads\\\/2023\\\/05\\\/MaloneyLogo2024-1.png\",\"width\":1400,\"height\":249,\"caption\":\"Pat Maloney: Accident & Injury Attorney\"},\"image\":{\"@id\":\"https:\\\/\\\/patmaloney.com\\\/es\\\/#\\\/schema\\\/logo\\\/image\\\/\"}}]}<\/script>\n<!-- \/ Yoast SEO plugin. -->","yoast_head_json":{"title":"Pat Maloney - Pat Maloney: Accident &amp; Injury Attorney","robots":{"index":"index","follow":"follow","max-snippet":"max-snippet:-1","max-image-preview":"max-image-preview:large","max-video-preview":"max-video-preview:-1"},"canonical":"https:\/\/patmaloney.com\/es\/pat-maloney\/","og_locale":"es_ES","og_type":"article","og_title":"Pat Maloney - Pat Maloney: Accident &amp; Injury Attorney","og_description":"Pat Maloney, Jr. Pareja Biograf\u00eda Pat Maloney, Jr. es un destacado abogado de lesiones personales en San Antonio, reconocido por su habilidad y experiencia. Ha liderado y colaborado en numerosos veredictos multimillonarios en todo Texas. Su reputaci\u00f3n como experto en la representaci\u00f3n de v\u00edctimas de lesiones graves es ampliamente conocida, y ha sido invitado como&hellip;","og_url":"https:\/\/patmaloney.com\/es\/pat-maloney\/","og_site_name":"Pat Maloney: Accident &amp; Injury Attorney","article_modified_time":"2025-02-11T19:32:48+00:00","og_image":[{"url":"https:\/\/patmaloney.com\/wp-content\/uploads\/2023\/05\/Attorney-Pat-Maloney.jpeg","type":"","width":"","height":""}],"twitter_card":"summary_large_image","schema":{"@context":"https:\/\/schema.org","@graph":[{"@type":"WebPage","@id":"https:\/\/patmaloney.com\/es\/pat-maloney\/","url":"https:\/\/patmaloney.com\/es\/pat-maloney\/","name":"Pat Maloney - Pat Maloney: Accident &amp; Injury Attorney","isPartOf":{"@id":"https:\/\/patmaloney.com\/es\/#website"},"primaryImageOfPage":{"@id":"https:\/\/patmaloney.com\/es\/pat-maloney\/#primaryimage"},"image":{"@id":"https:\/\/patmaloney.com\/es\/pat-maloney\/#primaryimage"},"thumbnailUrl":"https:\/\/patmaloney.com\/wp-content\/uploads\/2023\/05\/Attorney-Pat-Maloney.jpeg","datePublished":"2023-05-14T17:54:18+00:00","dateModified":"2025-02-11T19:32:48+00:00","breadcrumb":{"@id":"https:\/\/patmaloney.com\/es\/pat-maloney\/#breadcrumb"},"inLanguage":"es","potentialAction":[{"@type":"ReadAction","target":["https:\/\/patmaloney.com\/es\/pat-maloney\/"]}]},{"@type":"ImageObject","inLanguage":"es","@id":"https:\/\/patmaloney.com\/es\/pat-maloney\/#primaryimage","url":"https:\/\/patmaloney.com\/wp-content\/uploads\/2023\/05\/Attorney-Pat-Maloney.jpeg","contentUrl":"https:\/\/patmaloney.com\/wp-content\/uploads\/2023\/05\/Attorney-Pat-Maloney.jpeg"},{"@type":"BreadcrumbList","@id":"https:\/\/patmaloney.com\/es\/pat-maloney\/#breadcrumb","itemListElement":[{"@type":"ListItem","position":1,"name":"Home","item":"https:\/\/patmaloney.com\/es\/"},{"@type":"ListItem","position":2,"name":"Pat Maloney"}]},{"@type":"WebSite","@id":"https:\/\/patmaloney.com\/es\/#website","url":"https:\/\/patmaloney.com\/es\/","name":"Pat Maloney: Accident & Injury Attorney","description":"San Antonio Personal Injury Lawyer","publisher":{"@id":"https:\/\/patmaloney.com\/es\/#organization"},"alternateName":"Pat Maloney: Accident & Injury Attorney","potentialAction":[{"@type":"SearchAction","target":{"@type":"EntryPoint","urlTemplate":"https:\/\/patmaloney.com\/es\/?s={search_term_string}"},"query-input":{"@type":"PropertyValueSpecification","valueRequired":true,"valueName":"search_term_string"}}],"inLanguage":"es"},{"@type":"Organization","@id":"https:\/\/patmaloney.com\/es\/#organization","name":"Pat Maloney: Accident & Injury Attorney","alternateName":"Pat Maloney: Accident & Injury Attorney, P.C.","url":"https:\/\/patmaloney.com\/es\/","logo":{"@type":"ImageObject","inLanguage":"es","@id":"https:\/\/patmaloney.com\/es\/#\/schema\/logo\/image\/","url":"https:\/\/patmaloney.com\/wp-content\/uploads\/2023\/05\/MaloneyLogo2024-1.png","contentUrl":"https:\/\/patmaloney.com\/wp-content\/uploads\/2023\/05\/MaloneyLogo2024-1.png","width":1400,"height":249,"caption":"Pat Maloney: Accident & Injury Attorney"},"image":{"@id":"https:\/\/patmaloney.com\/es\/#\/schema\/logo\/image\/"}}]}},"_links":{"self":[{"href":"https:\/\/patmaloney.com\/es\/wp-json\/wp\/v2\/pages\/4275","targetHints":{"allow":["GET"]}}],"collection":[{"href":"https:\/\/patmaloney.com\/es\/wp-json\/wp\/v2\/pages"}],"about":[{"href":"https:\/\/patmaloney.com\/es\/wp-json\/wp\/v2\/types\/page"}],"author":[{"embeddable":true,"href":"https:\/\/patmaloney.com\/es\/wp-json\/wp\/v2\/users\/2"}],"replies":[{"embeddable":true,"href":"https:\/\/patmaloney.com\/es\/wp-json\/wp\/v2\/comments?post=4275"}],"version-history":[{"count":0,"href":"https:\/\/patmaloney.com\/es\/wp-json\/wp\/v2\/pages\/4275\/revisions"}],"wp:attachment":[{"href":"https:\/\/patmaloney.com\/es\/wp-json\/wp\/v2\/media?parent=4275"}],"curies":[{"name":"wp","href":"https:\/\/api.w.org\/{rel}","templated":true}]}}