{"id":4283,"date":"2025-11-09T04:00:49","date_gmt":"2025-11-09T04:00:49","guid":{"rendered":"https:\/\/patmaloney.com\/?page_id=4283"},"modified":"2025-02-27T11:32:22","modified_gmt":"2025-02-27T11:32:22","slug":"lesiones-personales","status":"publish","type":"page","link":"https:\/\/patmaloney.com\/es\/lesiones-personales\/","title":{"rendered":"Lesiones Personales"},"content":{"rendered":"\r\n<p><img decoding=\"async\" title=\"San Antonio Personal Injury Attorneys\" src=\"https:\/\/patmaloney.com\/wp-content\/uploads\/2023\/05\/San-Antonio-Personal-Injury-Attorneys.jpg\" alt=\"San Antonio Personal Injury Attorneys\" width=\"895\" height=\"491\" \/><\/p>\r\n<h1><strong>Abogado Especializado en Lesiones Personales en San Antonio<\/strong><\/h1>\r\n<h2>Defensa legal para los lesionados y sus familiares en San Antonio y todo el sur de Texas.<\/h2>\r\n<p>Cuando alguien sufre una lesi\u00f3n debido a la negligencia o descuido de otra persona, enfrenta una carga inmensa: costosos tratamientos m\u00e9dicos, dolor f\u00edsico y emocional prolongado, y, en muchos casos, la imposibilidad de trabajar mientras se recupera. Esto no solo genera una p\u00e9rdida significativa de ingresos, sino que tambi\u00e9n afecta directamente la estabilidad de la v\u00edctima y de su familia. Las demandas por lesiones personales son una herramienta legal dise\u00f1ada para ayudar a las v\u00edctimas a obtener la compensaci\u00f3n que merecen, ya sea de la parte responsable o de su aseguradora, brind\u00e1ndoles los recursos necesarios para reconstruir sus vidas.<\/p>\r\n<p>Si sus lesiones son el resultado de la negligencia de otra persona, es crucial contactar lo antes posible a un abogado de lesiones personales en San Antonio que se especializa en litigios de este tipo. En Pat Maloney: Abogado de accidentes y lesiones, somos el bufete de abogados de lesiones personales con m\u00e1s a\u00f1os de servicio en la ciudad. Con m\u00e1s de 70 a\u00f1os de experiencia, hemos asegurado millones de d\u00f3lares en compensaciones para v\u00edctimas de lesiones en San Antonio y el sur de Texas. Sabemos c\u00f3mo construir un caso s\u00f3lido y eficaz. Ll\u00e1menos hoy mismo para descubrir c\u00f3mo podemos ayudarlo.<\/p>\r\n<h2>Preguntas frecuentes<\/h2>\r\n<ul>\r\n<li><a href=\"#FAQ1\">\u00bfPor qu\u00e9 deber\u00eda contratar a un abogado experto en lesiones personales de San Antonio?<\/a><\/li>\r\n<li><a href=\"#FAQ2\">\u00bfQu\u00e9 tipo de casos de lesiones personales manejamos?<\/a><\/li>\r\n<li><a href=\"#FAQ2\">\u00bfQu\u00e9 es una lesi\u00f3n catastr\u00f3fica?<\/a><\/li>\r\n<li><a href=\"#FAQ4\">\u00bfC\u00f3mo se prueba un caso de lesiones personales?<\/a><\/li>\r\n<li><a href=\"#FAQ5\">\u00bfQu\u00e9 da\u00f1os puedo reclamar en un caso de lesiones personales en San Antonio?<\/a><\/li>\r\n<li><a href=\"#FAQ6\">\u00bfRealmente necesito un abogado de lesiones personales en San Antonio?<\/a><\/li>\r\n<li><a href=\"#FAQ7\">\u00bfPuedo pagar un abogado de lesiones personales en San Antonio?<\/a><\/li>\r\n<li><a href=\"#FAQ8\">\u00bfHay alg\u00fan abogado de lesiones personales que est\u00e9 cerca de m\u00ed?<\/a><\/li>\r\n<\/ul>\r\n<p><img decoding=\"async\" title=\"services-1\" src=\"https:\/\/patmaloney.com\/wp-content\/uploads\/2023\/05\/services-1.png\" alt=\"San Antonio injury lawyer Pat Maloney\" width=\"711\" height=\"703\" \/><\/p>\r\n<h2>\u00bfPor qu\u00e9 deber\u00eda contratar a un abogado experto en lesiones personales de San Antonio?<\/h2>\r\n<p>Si su lesi\u00f3n fue provocada por la negligencia de una persona, un producto defectuoso, un entorno laboral inseguro o un error m\u00e9dico, es crucial recordar que quienes le causaron el da\u00f1o contar\u00e1n con su propio equipo de abogados. Enfrentarse a una aseguradora nacional o a una organizaci\u00f3n multimillonaria sin el respaldo de un abogado experimentado y tenaz puede ponerlo en desventaja. Tener un defensor legal calificado a su lado es esencial para proteger sus derechos y luchar por la compensaci\u00f3n que merece.<\/p>\r\n<p>Pat Maloney: Accident &amp; Injury Attorney es el bufete de abogados de lesiones personales con mayor trayectoria en San Antonio. El abogado Pat Maloney, Jr. cuenta con la certificaci\u00f3n en Derecho Procesal por Lesiones Personales otorgada por la Junta de Especializaci\u00f3n Legal de Texas, una distinci\u00f3n que menos del 1 % de los abogados en el estado poseen.<\/p>\r\n<p>Durante m\u00e1s de 70 a\u00f1os, las personas han confiado en nosotros porque entendemos la importancia de cuidar de ellos, sus familias y su futuro. Al trabajar con nuestro abogado de lesiones personales en San Antonio, obtienes algo invaluable: tranquilidad.<\/p>\r\n<p>Esto es lo que nuestros clientes dicen sobre nosotros:<\/p>\r\n<ul>\r\n<li><em>\u00abNecesitaba a alguien que supiera lo que hac\u00eda, pero cuando Pat Maloney vino a visitarme, lo supe. Conociendo su reputaci\u00f3n y lo que representa, me sent\u00ed muy seguro. En mi caso, sab\u00edan exactamente qu\u00e9 hacer. \u00c9l marc\u00f3 la diferencia.\u00bb &#8211; Larry Q.<\/em><\/li>\r\n<li><em>\u00abCuando pregunt\u00e9 por el mejor abogado para que me representara, siempre aparec\u00eda un nombre: Pat Maloney. Pat me rode\u00f3 de un equipo de personas de calidad. A partir de ese momento, las cosas cambiaron. Una vez le pregunt\u00e9: &#8216;\u00bfC\u00f3mo demostramos algo as\u00ed?&#8217; \u00c9l dijo: &#8216;La verdad es la verdad y eso ser\u00e1 suficiente&#8217;.\u00bb &#8211; Dave C.<\/em><\/li>\r\n<li><em>\u00abLa seguridad de nuestra familia estaba en peligro. Era obvio que ten\u00eda que conseguir un abogado. Se nos estaban acabando las esperanzas. Desde el momento en que Pat Maloney se uni\u00f3 a nosotros, todo cambi\u00f3. Pat intervino y luch\u00f3 por nosotros. Pat Maloney nunca se rindi\u00f3.\u00bb &#8211; Jutta H.<\/em><\/li>\r\n<li><em>\u00abLas secuelas de una lesi\u00f3n grave siempre son dif\u00edciles y estresantes de afrontar, pero tener al Sr. Maloney y a su personal experto trabajando en mi nombre ayud\u00f3 a reducir el estr\u00e9s. El Sr. Maloney se mantuvo en contacto regular conmigo a medida que avanzaba el caso, y su personal siempre estuvo disponible y atento cuando ten\u00eda preguntas. <\/em><em>&#8211; Mary T.<\/em><\/li>\r\n<li><em>\u00abSiempre hab\u00eda pensado que &#8216;abogado&#8217; era una mala palabra hasta que conoc\u00ed a Pat Maloney. He visto lo que ha hecho por la gente y siento que es uno de los \u00fanicos abogados honestos en San Antonio, o tal vez incluso en el pa\u00eds. Dice que la verdad se resolver\u00e1 sola, y ten\u00eda raz\u00f3n. \u00a1Gracias, Pat!\u00bb &#8211; Matthew E.<\/em><\/li>\r\n<\/ul>\r\n<h2>\u00bfQu\u00e9 tipos de casos de lesiones personales manejamos?<\/h2>\r\n<p>Los casos de lesiones personales pueden surgir de diversas situaciones, pero en la mayor\u00eda de los casos, son el resultado de negligencia, es decir, \u00abla falta de comportamiento con el nivel de cuidado que una persona razonable habr\u00eda ejercido en circunstancias similares\u00bb. Algunos de los casos m\u00e1s comunes que manejamos incluyen:<\/p>\r\n<ul>\r\n<li>Accidentes de camiones<\/li>\r\n<li>Accidentes de autom\u00f3viles<\/li>\r\n<li>Accidentes de motocicletas<\/li>\r\n<li>Colisiones de m\u00faltiples veh\u00edculos<\/li>\r\n<li>Accidentes de peatones<\/li>\r\n<li>Accidentes de bicicletas<\/li>\r\n<li>Accidentes de Uber\/Lyft<\/li>\r\n<li>Conductores ebrios<\/li>\r\n<\/ul>\r\n<ul>\r\n<li>Conductores distra\u00eddos<\/li>\r\n<li>Conductores fatigados<\/li>\r\n<li>Negligencia m\u00e9dica<\/li>\r\n<li>Traumatismos al nacer<\/li>\r\n<li>Accidentes en sitios de construcci\u00f3n<\/li>\r\n<li>Accidentes en la industria del petr\u00f3leo y gas<\/li>\r\n<li>Productos defectuosos<\/li>\r\n<li>Ca\u00eddas<\/li>\r\n<\/ul>\r\n<h2>\u00bfQu\u00e9 es una lesi\u00f3n catastr\u00f3fica?<\/h2>\r\n<p>Muchas lesiones, incluso las m\u00e1s graves, pueden sanar con el tiempo, siempre y cuando se reciba atenci\u00f3n m\u00e9dica adecuada de manera oportuna. Algunas lesiones requieren un proceso de curaci\u00f3n m\u00e1s largo, pero con el tiempo es posible que se vuelva a la rutina diaria, tal vez con algunos ajustes. Sin embargo, una lesi\u00f3n catastr\u00f3fica es diferente\u2026 Estas lesiones no solo demandan atenci\u00f3n m\u00e9dica urgente, sino que hay una alta probabilidad de que la v\u00edctima no se recupere por completo, y podr\u00eda necesitar asistencia durante el resto de su vida. Algunas de las reclamaciones m\u00e1s graves que manejamos incluyen:<\/p>\r\n<ul>\r\n<li>Lesiones cerebrales traum\u00e1ticas<\/li>\r\n<li>Lesiones en la columna vertebral y m\u00e9dula espinal<\/li>\r\n<li>Amputaciones o p\u00e9rdida de extremidades<\/li>\r\n<li>Lesiones por quemaduras<\/li>\r\n<li>Fracturas complejas y expuestas m\u00faltiples<\/li>\r\n<li>Lesiones fatales<\/li>\r\n<li>Da\u00f1os en \u00f3rganos internos<\/li>\r\n<li>Da\u00f1os en los nervios<\/li>\r\n<li>Lesiones en ni\u00f1os<\/li>\r\n<li>P\u00e9rdida permanente de visi\u00f3n o audici\u00f3n<\/li>\r\n<\/ul>\r\n<p>Este tipo de casos generalmente conlleva facturas m\u00e9dicas significativas y deja a las personas incapaces de cuidarse a s\u00ed mismas, mucho menos de trabajar o mantener a su familia. Muchas v\u00edctimas viven con dolor cr\u00f3nico o debilitante, lo que a menudo requiere atenci\u00f3n m\u00e9dica y rehabilitaci\u00f3n a largo plazo, dispositivos y tecnolog\u00edas adaptativas e incluso modificaciones en su hogar. Pat Maloney, abogado especializado en accidentes y lesiones en San Antonio, se dedica a este tipo de lesiones, aquellas que no solo afectan a las v\u00edctimas, sino a toda su familia.<\/p>\r\n<h2>\u00bfC\u00f3mo se prueba un caso de lesiones personales?<\/h2>\r\n<p>Para que un reclamo por lesiones personales tenga \u00e9xito, la persona lesionada (el demandante) debe demostrar que la otra parte (el demandado) actu\u00f3 de manera negligente.<\/p>\r\n<p><strong>Hay cuatro elementos esenciales que deben probarse para demostrar la negligencia:<\/strong><\/p>\r\n<ol>\r\n<li>El demandado ten\u00eda un deber de cuidado hacia el demandante;<\/li>\r\n<li>Las acciones del demandado incumplieron ese deber;<\/li>\r\n<li>El demandante result\u00f3 lesionado;<\/li>\r\n<li>El incumplimiento del deber por parte del demandado fue la causa directa de la lesi\u00f3n.<\/li>\r\n<\/ol>\r\n<p>Estos casos no siempre son simples y, a menudo, requieren una investigaci\u00f3n exhaustiva por parte del abogado de lesiones personales del demandante para reunir pruebas clave y asegurar una compensaci\u00f3n adecuada.<\/p>\r\n<p><img decoding=\"async\" title=\"Attorney Pat Maloney\" src=\"https:\/\/patmaloney.com\/wp-content\/uploads\/2023\/05\/Attorney-Pat-Maloney.png\" alt=\"San Antonio personal injury attorney Pat Maloney\" width=\"860\" height=\"945\" \/><\/p>\r\n<h2>\u00bfQu\u00e9 da\u00f1os puedo reclamar en un caso de lesiones personales en San Antonio?<\/h2>\r\n<p>Cada caso de lesiones personales es \u00fanico, y la cantidad de compensaci\u00f3n a la que tiene derecho depender\u00e1 de la gravedad de sus lesiones y las circunstancias espec\u00edficas de su caso. Usted podr\u00eda tener derecho a diversos tipos de compensaci\u00f3n, incluyendo:<\/p>\r\n<ul>\r\n<li>Gastos m\u00e9dicos relacionados con el incidente;<\/li>\r\n<li>Costos de atenci\u00f3n m\u00e9dica futura;<\/li>\r\n<li>Salarios y beneficios perdidos si no puede trabajar;<\/li>\r\n<li>Da\u00f1os por dolor y sufrimiento;<\/li>\r\n<li>Angustia emocional, tanto pasada como futura;<\/li>\r\n<li>Posibles da\u00f1os punitivos contra la parte responsable.<\/li>\r\n<\/ul>\r\n<p>Es fundamental contar con un abogado experimentado que pueda ayudarlo a determinar qu\u00e9 compensaci\u00f3n le corresponde seg\u00fan su situaci\u00f3n espec\u00edfica.<\/p>\r\n<p>Su abogado trabajar\u00e1 para calcular con precisi\u00f3n la compensaci\u00f3n que le corresponde y negociar\u00e1 con las partes responsables para alcanzar un acuerdo justo. Si la parte acusada se niega a ofrecer una compensaci\u00f3n adecuada, su abogado estar\u00e1 preparado para llevar el caso a juicio.<\/p>\r\n<p>Contar con un abogado especializado en lesiones personales casi siempre aumentar\u00e1 el valor total de su caso. Al demostrarle a las compa\u00f1\u00edas de seguros que usted est\u00e1 comprometido con obtener justicia por su lesi\u00f3n, estas ofrecer\u00e1n una indemnizaci\u00f3n m\u00e1s adecuada..<\/p>\r\n<h2>\u00bfRealmente necesito un abogado de lesiones personales en San Antonio?<\/h2>\r\n<p>Si ha sufrido lesiones debido a la negligencia de otra persona, es probable que enfrente altos costos m\u00e9dicos y la posibilidad de perder ingresos. Es fundamental contar con un abogado especializado en lesiones de San Antonio para guiarlo a trav\u00e9s del complicado proceso de obtener una indemnizaci\u00f3n justa. Como sus defensores, trabajaremos incansablemente para equilibrar las condiciones del juego y asegurarnos de que reciba la compensaci\u00f3n que merece.<\/p>\r\n<p>Nos encargaremos de lo siguiente:<\/p>\r\n<ul>\r\n<li>Recopilar todas las pruebas necesarias para demostrar la responsabilidad del acusado, incluyendo fotograf\u00edas, videos de vigilancia, informes policiales y de accidentes, declaraciones de testigos oculares, entre otros.<\/li>\r\n<li>Obtener sus registros m\u00e9dicos y asegurarnos de que un profesional de la salud de confianza los eval\u00fae para determinar el alcance completo de sus lesiones.<\/li>\r\n<li>Calcular sus p\u00e9rdidas econ\u00f3micas totales, as\u00ed como los da\u00f1os no econ\u00f3micos que han afectado su vida.<\/li>\r\n<li>Negociar para obtener un acuerdo que cubra todos los gastos relacionados con sus lesiones.<\/li>\r\n<li>Llevar su caso a juicio si no se puede llegar a un acuerdo justo.<\/li>\r\n<\/ul>\r\n<p>Aunque puede parecer evidente que un abogado llevar\u00e1 su caso a los tribunales, esta acci\u00f3n es crucial para obtener una indemnizaci\u00f3n m\u00e1s realista. Al contar con nuestra representaci\u00f3n, las compa\u00f1\u00edas de seguros tendr\u00e1n que hacer una oferta m\u00e1s justa que si usted se representara solo. Adem\u00e1s, sabemos que, en ocasiones, un juicio con jurado es la \u00fanica manera de responsabilizar a una parte negligente y asegurar que no repita comportamientos peligrosos en el futuro.<\/p>\r\n<h2>\u00bfPuedo pagar un abogado de lesiones personales en San Antonio?<\/h2>\r\n<p>Una de las preguntas m\u00e1s frecuentes que se hace una v\u00edctima de lesiones personales es: \u00bfcu\u00e1nto costar\u00e1 un abogado?<\/p>\r\n<p>Esta pregunta es crucial porque, muchas veces, las v\u00edctimas de lesiones personales tienen pocos recursos econ\u00f3micos debido a las dificultades causadas por sus lesiones. Afortunadamente, en Pat Maloney: Accident &amp; Injury Attorney, ofrecemos una consulta gratuita para revisar su caso y explorar las opciones disponibles.<\/p>\r\n<p>Adem\u00e1s, trabajamos sobre la base de honorarios de contingencia. Esto significa que no tendr\u00e1 que pagar nada de su bolsillo ni preocuparse por los honorarios legales hasta que ganemos su caso y obtengamos la compensaci\u00f3n que se merece. Al final, nuestros clientes solo pagan un porcentaje acordado de los da\u00f1os otorgados cuando se resuelve su caso, lo que garantiza que trabajemos incansablemente para lograr el mejor resultado posible para usted.<\/p>\r\n<p><strong>Relacionado: <\/strong><a href=\"https:\/\/patmaloney.com\/blog\/when-to-hire-a-personal-injury-lawyer\/\">Cu\u00e1ndo contratar a un abogado especializado en lesiones personales<\/a><\/p>\r\n<h2>\u00bfHay alg\u00fan abogado de lesiones personales que est\u00e9 cerca de m\u00ed?<\/h2>\r\n<p>Pat Maloney: Abogado de accidentes y lesiones se encuentra en 239 E Commerce St., en el coraz\u00f3n del centro de San Antonio, TX. Nuestro bufete est\u00e1 ubicado en uno de los edificios m\u00e1s hermosos e hist\u00f3ricos de la ciudad, lo que refleja nuestro compromiso con la comunidad. Adem\u00e1s, contamos con varias opciones de estacionamiento cercanas para su comodidad. Si no puede desplazarse hasta nuestras oficinas, no se preocupe: podemos organizar una consulta telef\u00f3nica o por video, o incluso una visita al hospital si as\u00ed lo necesita.<\/p>\r\n<h2>Comun\u00edquese hoy mismo con el bufete de abogados especializado en lesiones personales con m\u00e1s a\u00f1os de experiencia en San Antonio.<\/h2>\r\n<p>Contratar a un abogado puede ayudar a aliviar la confusi\u00f3n y la carga durante este momento tan dif\u00edcil. En Pat Maloney: Abogado de Accidentes y Lesiones, estamos aqu\u00ed para ayudar. Podemos programar una consulta gratuita con un abogado de lesiones personales en San Antonio para analizar su caso y responder todas las preguntas que pueda tener. Llame hoy mismo o complete nuestro formulario de contacto para obtener m\u00e1s informaci\u00f3n.<\/p>\r\n","protected":false},"excerpt":{"rendered":"<p>Abogado Especializado en Lesiones Personales en San Antonio Defensa legal para los lesionados y sus familiares en San Antonio y todo el sur de Texas. Cuando alguien sufre una lesi\u00f3n debido a la negligencia o descuido de otra persona, enfrenta una carga inmensa: costosos tratamientos m\u00e9dicos, dolor f\u00edsico y emocional prolongado, y, en muchos casos,&hellip;<\/p>\n","protected":false},"author":2,"featured_media":0,"parent":0,"menu_order":0,"comment_status":"closed","ping_status":"closed","template":"","meta":{"footnotes":""},"class_list":["post-4283","page","type-page","status-publish","hentry"],"yoast_head":"<!-- This site is optimized with the Yoast SEO plugin v27.3 - https:\/\/yoast.com\/product\/yoast-seo-wordpress\/ -->\n<title>Abogado Especializado en Lesiones Personales en San Antonio<\/title>\n<meta name=\"description\" content=\"Abogado especializado en lesiones personales en San Antonio. M\u00e1s de 70 a\u00f1os de experiencia. Obtenga la compensaci\u00f3n que merece. Cont\u00e1ctenos para una consulta gratuita.\" \/>\n<meta name=\"robots\" content=\"index, follow, max-snippet:-1, max-image-preview:large, max-video-preview:-1\" \/>\n<link rel=\"canonical\" href=\"https:\/\/patmaloney.com\/es\/lesiones-personales\/\" \/>\n<meta property=\"og:locale\" content=\"es_ES\" \/>\n<meta property=\"og:type\" content=\"article\" \/>\n<meta property=\"og:title\" content=\"Abogado Especializado en Lesiones Personales en San Antonio\" \/>\n<meta property=\"og:description\" content=\"Abogado especializado en lesiones personales en San Antonio. M\u00e1s de 70 a\u00f1os de experiencia. Obtenga la compensaci\u00f3n que merece. Cont\u00e1ctenos para una consulta gratuita.\" \/>\n<meta property=\"og:url\" content=\"https:\/\/patmaloney.com\/es\/lesiones-personales\/\" \/>\n<meta property=\"og:site_name\" content=\"Pat Maloney: Accident &amp; Injury Attorney\" \/>\n<meta property=\"og:image\" content=\"https:\/\/patmaloney.com\/wp-content\/uploads\/2023\/05\/San-Antonio-Personal-Injury-Attorneys.jpg\" \/>\n<meta name=\"twitter:card\" content=\"summary_large_image\" \/>\n<meta name=\"twitter:label1\" content=\"Tiempo de lectura\" \/>\n\t<meta name=\"twitter:data1\" content=\"10 minutos\" \/>\n<script type=\"application\/ld+json\" class=\"yoast-schema-graph\">{\"@context\":\"https:\\\/\\\/schema.org\",\"@graph\":[{\"@type\":\"WebPage\",\"@id\":\"https:\\\/\\\/patmaloney.com\\\/es\\\/lesiones-personales\\\/\",\"url\":\"https:\\\/\\\/patmaloney.com\\\/es\\\/lesiones-personales\\\/\",\"name\":\"Abogado Especializado en Lesiones Personales en San Antonio\",\"isPartOf\":{\"@id\":\"https:\\\/\\\/patmaloney.com\\\/es\\\/#website\"},\"primaryImageOfPage\":{\"@id\":\"https:\\\/\\\/patmaloney.com\\\/es\\\/lesiones-personales\\\/#primaryimage\"},\"image\":{\"@id\":\"https:\\\/\\\/patmaloney.com\\\/es\\\/lesiones-personales\\\/#primaryimage\"},\"thumbnailUrl\":\"https:\\\/\\\/patmaloney.com\\\/wp-content\\\/uploads\\\/2023\\\/05\\\/San-Antonio-Personal-Injury-Attorneys.jpg\",\"datePublished\":\"2025-11-09T04:00:49+00:00\",\"description\":\"Abogado especializado en lesiones personales en San Antonio. M\u00e1s de 70 a\u00f1os de experiencia. Obtenga la compensaci\u00f3n que merece. Cont\u00e1ctenos para una consulta gratuita.\",\"breadcrumb\":{\"@id\":\"https:\\\/\\\/patmaloney.com\\\/es\\\/lesiones-personales\\\/#breadcrumb\"},\"inLanguage\":\"es\",\"potentialAction\":[{\"@type\":\"ReadAction\",\"target\":[\"https:\\\/\\\/patmaloney.com\\\/es\\\/lesiones-personales\\\/\"]}]},{\"@type\":\"ImageObject\",\"inLanguage\":\"es\",\"@id\":\"https:\\\/\\\/patmaloney.com\\\/es\\\/lesiones-personales\\\/#primaryimage\",\"url\":\"https:\\\/\\\/patmaloney.com\\\/wp-content\\\/uploads\\\/2023\\\/05\\\/San-Antonio-Personal-Injury-Attorneys.jpg\",\"contentUrl\":\"https:\\\/\\\/patmaloney.com\\\/wp-content\\\/uploads\\\/2023\\\/05\\\/San-Antonio-Personal-Injury-Attorneys.jpg\"},{\"@type\":\"BreadcrumbList\",\"@id\":\"https:\\\/\\\/patmaloney.com\\\/es\\\/lesiones-personales\\\/#breadcrumb\",\"itemListElement\":[{\"@type\":\"ListItem\",\"position\":1,\"name\":\"Home\",\"item\":\"https:\\\/\\\/patmaloney.com\\\/es\\\/\"},{\"@type\":\"ListItem\",\"position\":2,\"name\":\"Lesiones Personales\"}]},{\"@type\":\"WebSite\",\"@id\":\"https:\\\/\\\/patmaloney.com\\\/es\\\/#website\",\"url\":\"https:\\\/\\\/patmaloney.com\\\/es\\\/\",\"name\":\"Pat Maloney: Accident & Injury Attorney\",\"description\":\"San Antonio Personal Injury Lawyer\",\"publisher\":{\"@id\":\"https:\\\/\\\/patmaloney.com\\\/es\\\/#organization\"},\"alternateName\":\"Pat Maloney: Accident & Injury Attorney\",\"potentialAction\":[{\"@type\":\"SearchAction\",\"target\":{\"@type\":\"EntryPoint\",\"urlTemplate\":\"https:\\\/\\\/patmaloney.com\\\/es\\\/?s={search_term_string}\"},\"query-input\":{\"@type\":\"PropertyValueSpecification\",\"valueRequired\":true,\"valueName\":\"search_term_string\"}}],\"inLanguage\":\"es\"},{\"@type\":\"Organization\",\"@id\":\"https:\\\/\\\/patmaloney.com\\\/es\\\/#organization\",\"name\":\"Pat Maloney: Accident & Injury Attorney\",\"alternateName\":\"Pat Maloney: Accident & Injury Attorney, P.C.\",\"url\":\"https:\\\/\\\/patmaloney.com\\\/es\\\/\",\"logo\":{\"@type\":\"ImageObject\",\"inLanguage\":\"es\",\"@id\":\"https:\\\/\\\/patmaloney.com\\\/es\\\/#\\\/schema\\\/logo\\\/image\\\/\",\"url\":\"https:\\\/\\\/patmaloney.com\\\/wp-content\\\/uploads\\\/2023\\\/05\\\/MaloneyLogo2024-1.png\",\"contentUrl\":\"https:\\\/\\\/patmaloney.com\\\/wp-content\\\/uploads\\\/2023\\\/05\\\/MaloneyLogo2024-1.png\",\"width\":1400,\"height\":249,\"caption\":\"Pat Maloney: Accident & Injury Attorney\"},\"image\":{\"@id\":\"https:\\\/\\\/patmaloney.com\\\/es\\\/#\\\/schema\\\/logo\\\/image\\\/\"}}]}<\/script>\n<!-- \/ Yoast SEO plugin. -->","yoast_head_json":{"title":"Abogado Especializado en Lesiones Personales en San Antonio","description":"Abogado especializado en lesiones personales en San Antonio. M\u00e1s de 70 a\u00f1os de experiencia. Obtenga la compensaci\u00f3n que merece. Cont\u00e1ctenos para una consulta gratuita.","robots":{"index":"index","follow":"follow","max-snippet":"max-snippet:-1","max-image-preview":"max-image-preview:large","max-video-preview":"max-video-preview:-1"},"canonical":"https:\/\/patmaloney.com\/es\/lesiones-personales\/","og_locale":"es_ES","og_type":"article","og_title":"Abogado Especializado en Lesiones Personales en San Antonio","og_description":"Abogado especializado en lesiones personales en San Antonio. M\u00e1s de 70 a\u00f1os de experiencia. Obtenga la compensaci\u00f3n que merece. Cont\u00e1ctenos para una consulta gratuita.","og_url":"https:\/\/patmaloney.com\/es\/lesiones-personales\/","og_site_name":"Pat Maloney: Accident &amp; Injury Attorney","og_image":[{"url":"https:\/\/patmaloney.com\/wp-content\/uploads\/2023\/05\/San-Antonio-Personal-Injury-Attorneys.jpg","type":"","width":"","height":""}],"twitter_card":"summary_large_image","twitter_misc":{"Tiempo de lectura":"10 minutos"},"schema":{"@context":"https:\/\/schema.org","@graph":[{"@type":"WebPage","@id":"https:\/\/patmaloney.com\/es\/lesiones-personales\/","url":"https:\/\/patmaloney.com\/es\/lesiones-personales\/","name":"Abogado Especializado en Lesiones Personales en San Antonio","isPartOf":{"@id":"https:\/\/patmaloney.com\/es\/#website"},"primaryImageOfPage":{"@id":"https:\/\/patmaloney.com\/es\/lesiones-personales\/#primaryimage"},"image":{"@id":"https:\/\/patmaloney.com\/es\/lesiones-personales\/#primaryimage"},"thumbnailUrl":"https:\/\/patmaloney.com\/wp-content\/uploads\/2023\/05\/San-Antonio-Personal-Injury-Attorneys.jpg","datePublished":"2025-11-09T04:00:49+00:00","description":"Abogado especializado en lesiones personales en San Antonio. M\u00e1s de 70 a\u00f1os de experiencia. Obtenga la compensaci\u00f3n que merece. Cont\u00e1ctenos para una consulta gratuita.","breadcrumb":{"@id":"https:\/\/patmaloney.com\/es\/lesiones-personales\/#breadcrumb"},"inLanguage":"es","potentialAction":[{"@type":"ReadAction","target":["https:\/\/patmaloney.com\/es\/lesiones-personales\/"]}]},{"@type":"ImageObject","inLanguage":"es","@id":"https:\/\/patmaloney.com\/es\/lesiones-personales\/#primaryimage","url":"https:\/\/patmaloney.com\/wp-content\/uploads\/2023\/05\/San-Antonio-Personal-Injury-Attorneys.jpg","contentUrl":"https:\/\/patmaloney.com\/wp-content\/uploads\/2023\/05\/San-Antonio-Personal-Injury-Attorneys.jpg"},{"@type":"BreadcrumbList","@id":"https:\/\/patmaloney.com\/es\/lesiones-personales\/#breadcrumb","itemListElement":[{"@type":"ListItem","position":1,"name":"Home","item":"https:\/\/patmaloney.com\/es\/"},{"@type":"ListItem","position":2,"name":"Lesiones Personales"}]},{"@type":"WebSite","@id":"https:\/\/patmaloney.com\/es\/#website","url":"https:\/\/patmaloney.com\/es\/","name":"Pat Maloney: Accident & Injury Attorney","description":"San Antonio Personal Injury Lawyer","publisher":{"@id":"https:\/\/patmaloney.com\/es\/#organization"},"alternateName":"Pat Maloney: Accident & Injury Attorney","potentialAction":[{"@type":"SearchAction","target":{"@type":"EntryPoint","urlTemplate":"https:\/\/patmaloney.com\/es\/?s={search_term_string}"},"query-input":{"@type":"PropertyValueSpecification","valueRequired":true,"valueName":"search_term_string"}}],"inLanguage":"es"},{"@type":"Organization","@id":"https:\/\/patmaloney.com\/es\/#organization","name":"Pat Maloney: Accident & Injury Attorney","alternateName":"Pat Maloney: Accident & Injury Attorney, P.C.","url":"https:\/\/patmaloney.com\/es\/","logo":{"@type":"ImageObject","inLanguage":"es","@id":"https:\/\/patmaloney.com\/es\/#\/schema\/logo\/image\/","url":"https:\/\/patmaloney.com\/wp-content\/uploads\/2023\/05\/MaloneyLogo2024-1.png","contentUrl":"https:\/\/patmaloney.com\/wp-content\/uploads\/2023\/05\/MaloneyLogo2024-1.png","width":1400,"height":249,"caption":"Pat Maloney: Accident & Injury Attorney"},"image":{"@id":"https:\/\/patmaloney.com\/es\/#\/schema\/logo\/image\/"}}]}},"_links":{"self":[{"href":"https:\/\/patmaloney.com\/es\/wp-json\/wp\/v2\/pages\/4283","targetHints":{"allow":["GET"]}}],"collection":[{"href":"https:\/\/patmaloney.com\/es\/wp-json\/wp\/v2\/pages"}],"about":[{"href":"https:\/\/patmaloney.com\/es\/wp-json\/wp\/v2\/types\/page"}],"author":[{"embeddable":true,"href":"https:\/\/patmaloney.com\/es\/wp-json\/wp\/v2\/users\/2"}],"replies":[{"embeddable":true,"href":"https:\/\/patmaloney.com\/es\/wp-json\/wp\/v2\/comments?post=4283"}],"version-history":[{"count":4,"href":"https:\/\/patmaloney.com\/es\/wp-json\/wp\/v2\/pages\/4283\/revisions"}],"predecessor-version":[{"id":4395,"href":"https:\/\/patmaloney.com\/es\/wp-json\/wp\/v2\/pages\/4283\/revisions\/4395"}],"wp:attachment":[{"href":"https:\/\/patmaloney.com\/es\/wp-json\/wp\/v2\/media?parent=4283"}],"curies":[{"name":"wp","href":"https:\/\/api.w.org\/{rel}","templated":true}]}}