{"id":4302,"date":"2025-09-27T00:00:45","date_gmt":"2025-09-27T00:00:45","guid":{"rendered":"https:\/\/patmaloney.com\/accidentes-automovilisticos\/motorcycle-accidents\/"},"modified":"2025-02-27T11:26:15","modified_gmt":"2025-02-27T11:26:15","slug":"accidentes-de-motocicleta","status":"publish","type":"page","link":"https:\/\/patmaloney.com\/es\/accidentes-de-motocicleta\/","title":{"rendered":"Accidentes de Motocicleta"},"content":{"rendered":"\r\n<p><img decoding=\"async\" title=\"San Antonio motorcycle accident lawyers\" src=\"https:\/\/patmaloney.com\/wp-content\/uploads\/2023\/05\/Motorcycle-Accident.jpg\" alt=\"San Antonio motorcycle accident lawyers\" width=\"895\" height=\"491\" \/><\/p>\r\n<h1><strong>Abogado Especializado en Accidentes de Motocicleta en San Antonio<\/strong><\/h1>\r\n<h2><strong>Representaci\u00f3n Jur\u00eddica Experta tras un Accidente de Motocicleta en Texas<\/strong><\/h2>\r\n<p>Los motociclistas enfrentan m\u00e1s riesgos que otros conductores en la carretera. Al estar menos protegidos, suelen sufrir lesiones graves o catastr\u00f3ficas en accidentes con veh\u00edculos m\u00e1s grandes, y en muchos casos, estos accidentes son fatales. Para las v\u00edctimas y sus familias, el proceso de recuperaci\u00f3n puede ser abrumador, lleno de desaf\u00edos y preguntas sin respuesta. Sin embargo, con el apoyo adecuado de un abogado especializado en accidentes de motocicleta en San Antonio, puede estar seguro de que sus derechos estar\u00e1n protegidos y que trabajaremos en su mejor inter\u00e9s para buscar la justicia y la compensaci\u00f3n que merece.<\/p>\r\n<p>Si usted o un ser querido ha sufrido una lesi\u00f3n grave en un accidente de motocicleta causado por la negligencia de otro conductor, Pat Maloney: Abogado de Accidentes y Lesiones est\u00e1 aqu\u00ed para ayudarle. Nuestro equipo de abogados especializados en accidentes de motocicleta investigar\u00e1 a fondo lo sucedido y luchar\u00e1 incansablemente para asegurar la compensaci\u00f3n que usted merece.<\/p>\r\n<p><strong>Para descubrir c\u00f3mo nuestra firma puede representarlo en su reclamo por accidente de motocicleta, no dude en llamarnos o ponerse en contacto con nosotros. Ofrecemos una consulta gratuita y sin compromiso para analizar su caso y brindarle la orientaci\u00f3n que necesita.<\/strong><\/p>\r\n<h2>Preguntas Frecuentes<\/h2>\r\n<ul>\r\n<li><a href=\"#FAQ1\">\u00bfC\u00f3mo puede ayudar Pat Maloney: abogado de accidentes y lesiones?<\/a><\/li>\r\n<li><a href=\"#FAQ2\">\u00bfPor qu\u00e9 necesita un abogado con experiencia en accidentes de motocicleta?<\/a><\/li>\r\n<li><a href=\"#FAQ3\">\u00bfCon qu\u00e9 frecuencia ocurren accidentes de motocicleta en Texas?<\/a><\/li>\r\n<li><a href=\"#FAQ4\">\u00bfCu\u00e1les son las causas comunes de los accidentes de motocicleta?<\/a><\/li>\r\n<li><a href=\"#FAQ5\">\u00bfCu\u00e1les son las lesiones m\u00e1s comunes en accidentes de motocicleta?<\/a><\/li>\r\n<li><a href=\"#FAQ6\">\u00bfCu\u00e1l es el valor de mi reclamo por accidente de motocicleta en San Antonio?<\/a><\/li>\r\n<li><a href=\"#FAQ7\">\u00bfCu\u00e1nto tiempo tengo para presentar un reclamo por un accidente de motocicleta en Texas?<\/a><\/li>\r\n<li><a href=\"#FAQ8\">\u00bfHay alg\u00fan abogado de accidentes de motocicleta cerca de m\u00ed?<\/a><\/li>\r\n<\/ul>\r\n<p><img decoding=\"async\" title=\"services-1\" src=\"https:\/\/patmaloney.com\/wp-content\/uploads\/2023\/05\/services-1.png\" alt=\"San Antonio injury lawyer Pat Maloney\" width=\"711\" height=\"703\" \/><\/p>\r\n<h2>\u00bfC\u00f3mo puede ayudar Pat Maloney: Abogado de accidentes y lesiones?<\/h2>\r\n<p>Cuando sufre lesiones debido a la negligencia de otra persona o entidad y necesita buscar una compensaci\u00f3n justa, es fundamental contar con el respaldo de una firma con amplia experiencia. En Pat Maloney: Accident &amp; Injury Attorney, aportamos m\u00e1s de siete d\u00e9cadas de experiencia en casos de lesiones personales a cada cliente que representamos.<\/p>\r\n<p>Cuando conf\u00eda en nuestra firma para manejar su reclamo por accidente de motocicleta en San Antonio, puede estar seguro de que recibir\u00e1 el respaldo y la dedicaci\u00f3n que necesita. Nos comprometemos a ofrecerle:<\/p>\r\n<ul>\r\n<li><strong>Atenci\u00f3n Personalizada:<\/strong> Cada cliente recibe un trato \u00fanico y dedicado. Se reunir\u00e1 directamente con un abogado y su equipo legal, asegur\u00e1ndose de que sus inquietudes sean escuchadas y abordadas.<\/li>\r\n<li><strong>Una Larga Trayectoria de \u00c9xito:<\/strong> Contamos con un historial probado de resultados sobresalientes, incluidos numerosos acuerdos millonarios y multimillonarios, y una tasa de \u00e9xito del 99%.<\/li>\r\n<li><strong>Sin Recuperaci\u00f3n, Sin Honorarios:<\/strong> Trabajamos bajo un esquema de honorarios de contingencia, lo que significa que no tendr\u00e1 que pagar nada a menos que ganemos su caso y obtengamos la compensaci\u00f3n que merece.<\/li>\r\n<\/ul>\r\n<p>Como el bufete de abogados m\u00e1s antiguo de San Antonio, hemos establecido una s\u00f3lida reputaci\u00f3n en la comunidad por ofrecer una defensa agresiva y efectiva para nuestros clientes, tanto en negociaciones como en los tribunales. Comprendemos las complejidades \u00fanicas que conllevan los casos de accidentes de motocicleta y utilizamos nuestra experiencia para garantizar que sus derechos est\u00e9n protegidos en todo momento.<\/p>\r\n<p>Ya sea negociando con la compa\u00f1\u00eda de seguros o represent\u00e1ndolo ante un juez o jurado, nuestro equipo est\u00e1 preparado para luchar por sus mejores intereses y buscar la compensaci\u00f3n que merece.<\/p>\r\n<h2>\u00bfPor qu\u00e9 necesita un abogado con experiencia en accidentes de motocicleta?<\/h2>\r\n<p>Los accidentes de motocicleta suelen ser m\u00e1s complejos que los accidentes de autom\u00f3vil convencionales. Las compa\u00f1\u00edas de seguros, a menudo, tienen prejuicios contra los motociclistas y pueden intentar culparlos injustamente por las lesiones sufridas. Un abogado con experiencia puede combatir estos prejuicios, asegur\u00e1ndose de que se le trate de manera justa y protegiendo sus derechos.<\/p>\r\n<p>Al reunir y analizar todas las pruebas relevantes de su caso, su abogado estar\u00e1 en una posici\u00f3n s\u00f3lida para negociar un acuerdo que cubra todos los costos relacionados con el accidente, como gastos m\u00e9dicos, p\u00e9rdida de ingresos y otros da\u00f1os. Si la parte contraria no presenta una oferta justa, su abogado estar\u00e1 preparado para llevar el caso a juicio y luchar por una compensaci\u00f3n adecuada ante el tribunal.<\/p>\r\n<h2>\u00bfCon qu\u00e9 frecuencia ocurren accidentes de motocicleta en Texas?<\/h2>\r\n<p>Texas es un destino popular para los motociclistas, especialmente en San Antonio y sus alrededores, pero tambi\u00e9n es fundamental reconocer los riesgos asociados con esta actividad. Factores como las malas condiciones de las carreteras y la conducci\u00f3n distra\u00edda son comunes y contribuyen a los accidentes de motocicleta en la regi\u00f3n.<\/p>\r\n<p>Seg\u00fan el Departamento de Transporte de Texas (DOT), en 2021, los accidentes de motocicleta resultaron en 521 muertes. Un dato preocupante es que el 45% de los motociclistas que fallecieron no usaban casco en el momento del accidente. Es importante destacar que la gran mayor\u00eda de estos accidentes son evitables si se toman las precauciones adecuadas, lo que resalta la importancia de la seguridad en la carretera.<\/p>\r\n<h2>\u00bfCu\u00e1les son las causas comunes de los accidentes de motocicleta?<\/h2>\r\n<p>Al igual que otros tipos de accidentes de tr\u00e1fico, los accidentes de motocicleta pueden ser causados por una amplia variedad de factores. Sin embargo, la causa m\u00e1s com\u00fan en estos accidentes es la negligencia.<\/p>\r\n<p>Con frecuencia, los accidentes de motocicleta ocurren porque otro conductor no estaba prestando atenci\u00f3n, manejaba de manera imprudente o cometi\u00f3 un error que result\u00f3 en un accidente grave. En otros casos, estos accidentes pueden ser provocados o empeorados por defectos en el veh\u00edculo o en la infraestructura vial, como la falta de se\u00f1alizaci\u00f3n adecuada, piezas defectuosas en el autom\u00f3vil o equipo defectuoso para motocicletas, como cascos. Determinar la causa exacta de un accidente es fundamental, ya que esto nos permite establecer la responsabilidad en su caso y asegurar que se haga justicia.<\/p>\r\n<p>Algunas de las causas m\u00e1s comunes de accidentes de motocicleta incluyen:<\/p>\r\n<ul>\r\n<li>Exceso de velocidad<\/li>\r\n<li>Conducci\u00f3n distra\u00edda, como enviar mensajes de texto mientras se conduce<\/li>\r\n<li>Conducci\u00f3n bajo los efectos del alcohol o las drogas<\/li>\r\n<li>Conducci\u00f3n imprudente o agresiva, como la furia al volante<\/li>\r\n<li>Conducir demasiado cerca de otro veh\u00edculo<\/li>\r\n<\/ul>\r\n<ul>\r\n<li>Realizar giros peligrosos o ilegales<\/li>\r\n<li>Adelantar de forma ilegal<\/li>\r\n<li>No ceder el paso<\/li>\r\n<li>Abrir las puertas del coche en el camino de los motociclistas que vienen en sentido contrario<\/li>\r\n<li>Incorporaci\u00f3n o cambio de carril peligrosos<\/li>\r\n<li>No obedecer los dispositivos de control de tr\u00e1fico, como las luces rojas y las se\u00f1ales de stop<\/li>\r\n<\/ul>\r\n<p>Estos comportamientos pueden poner en riesgo la seguridad de los motociclistas, quienes est\u00e1n m\u00e1s expuestos a lesiones graves debido a la falta de protecci\u00f3n en comparaci\u00f3n con los conductores de veh\u00edculos m\u00e1s grandes.<\/p>\r\n<p>Los motociclistas son m\u00e1s vulnerables a los comportamientos de conducci\u00f3n negligentes que otros veh\u00edculos en la carretera, especialmente cuando los conductores est\u00e1n incapacitados o distra\u00eddos. Adem\u00e1s, los motociclistas son particularmente susceptibles a los defectos de la carretera, como baches, obst\u00e1culos y pavimento agrietado. En tales casos, las cuadrillas de mantenimiento de carreteras municipales podr\u00edan ser consideradas responsables de las lesiones.<\/p>\r\n<p>Las malas condiciones de la carretera y del clima tambi\u00e9n son factores contribuyentes a los accidentes de motocicleta. Aunque pueda parecer que las inclemencias del tiempo son inevitables, los conductores tienen la responsabilidad de adaptarse a las condiciones inseguras, como la baja visibilidad o la lluvia intensa. Aquellos que no ajusten su conducci\u00f3n adecuadamente en tales circunstancias pueden causar accidentes devastadores y, en consecuencia, ser responsables de las lesiones y los da\u00f1os sufridos por las v\u00edctimas.<\/p>\r\n<h2>\u00bfCu\u00e1les son las lesiones m\u00e1s comunes en accidentes de motocicleta?<\/h2>\r\n<p>Los accidentes de motocicleta pueden provocar una amplia gama de lesiones graves. A pesar de utilizar equipo de protecci\u00f3n, los motociclistas a menudo sufren heridas que ponen en riesgo su vida cuando se ven involucrados en colisiones con veh\u00edculos m\u00e1s grandes y pesados. Un abogado experimentado en accidentes de motocicleta en San Antonio puede asistir con reclamaciones relacionadas con:<\/p>\r\n<table width=\"100%\">\r\n<tbody>\r\n<tr>\r\n<td width=\"50%\">\r\n<ul>\r\n<li>Da\u00f1os en \u00f3rganos internos<\/li>\r\n<li>Hemorragia interna<\/li>\r\n<li>Lesiones en la m\u00e9dula espinal<\/li>\r\n<li>Lesiones por latigazo cervical<\/li>\r\n<li>Lesiones cerebrales traum\u00e1ticas<\/li>\r\n<li>Conmociones cerebrales<\/li>\r\n<\/ul>\r\n<\/td>\r\n<td width=\"50%\">\r\n<ul>\r\n<li>P\u00e9rdida o amputaci\u00f3n de extremidades<\/li>\r\n<li>Huesos rotos y dislocados<\/li>\r\n<li>Laceraciones graves o raspaduras en la carretera que causan cicatrices o desfiguraci\u00f3n<\/li>\r\n<\/ul>\r\n<\/td>\r\n<\/tr>\r\n<\/tbody>\r\n<\/table>\r\n<p>Estas y otras lesiones pueden tener efectos a largo plazo en la salud f\u00edsica y emocional de los motociclistas lesionados, adem\u00e1s de generar dificultades financieras. El proceso de recuperaci\u00f3n puede ser largo y costoso, y muchos motociclistas sufrir\u00e1n discapacidades permanentes que les impedir\u00e1n regresar al trabajo o disfrutar de la misma calidad de vida que ten\u00edan antes del accidente.<\/p>\r\n<p><img decoding=\"async\" title=\"Pat Maloney\" src=\"https:\/\/patmaloney.com\/wp-content\/uploads\/2023\/05\/Pat-Maloney.png\" alt=\"Injury attorney Pat Maloney\" width=\"860\" height=\"945\" \/><\/p>\r\n<h2>\u00bfCu\u00e1l es el valor de mi reclamo por un accidente de motocicleta en San Antonio?<\/h2>\r\n<p>Despu\u00e9s de un accidente de motocicleta en Texas, ser\u00e1 necesario demostrar que otra persona o parte fue responsable de sus lesiones y da\u00f1os. Para ello, contamos con la colaboraci\u00f3n de investigadores expertos, especialistas en reconstrucci\u00f3n de accidentes y otros profesionales, que realizan investigaciones exhaustivas para determinar qui\u00e9n es el responsable de sus p\u00e9rdidas econ\u00f3micas y da\u00f1os no financieros.<\/p>\r\n<p>Seg\u00fan las circunstancias de su caso, podr\u00eda tener derecho a recibir compensaci\u00f3n por:<\/p>\r\n<ul>\r\n<li>Atenci\u00f3n m\u00e9dica de emergencia y hospitalizaci\u00f3n<\/li>\r\n<li>Tratamientos y cuidados actuales y futuros<\/li>\r\n<li>Terapia de rehabilitaci\u00f3n f\u00edsica<\/li>\r\n<li>Medicamentos y dispositivos\/equipos m\u00e9dicos<\/li>\r\n<li>Gastos m\u00e9dicos futuros<\/li>\r\n<\/ul>\r\n<ul>\r\n<li>P\u00e9rdida de ingresos, salarios y otros beneficios laborales<\/li>\r\n<li>P\u00e9rdida de ingresos futuros y reducci\u00f3n de capacidad para generar ingresos<\/li>\r\n<li>Dolor y sufrimiento<\/li>\r\n<li>Angustia mental<\/li>\r\n<\/ul>\r\n<p>Nuestro equipo estar\u00e1 encantado de reunirse con usted para revisar su caso. Durante una consulta gratuita y sin compromiso, podemos ofrecerle una evaluaci\u00f3n detallada y personalizada de su reclamo.<\/p>\r\n<h2>\u00bfCu\u00e1nto tiempo tengo para presentar un reclamo por un accidente de motocicleta en Texas?<\/h2>\r\n<p>En Texas, la mayor\u00eda de los casos de lesiones personales, incluidas las reclamaciones por accidentes de motocicleta, tienen un plazo de prescripci\u00f3n de dos a\u00f1os. Esto significa que solo tiene dos a\u00f1os desde la fecha del accidente para presentar una demanda por da\u00f1os y perjuicios. Si no presenta su reclamaci\u00f3n dentro de este plazo, es probable que su caso sea desestimado.<\/p>\r\n<p>Le recomendamos que se ponga en contacto con nuestro equipo de Pat Maloney: Abogado de Accidentes y Lesiones lo antes posible para saber c\u00f3mo podemos ayudarlo tras un accidente de motocicleta grave. Entendemos los desaf\u00edos que enfrenta y sabemos lo que se necesita para ganar su caso.<\/p>\r\n<h2>\u00bfHay alg\u00fan abogado de accidentes de motocicleta cerca de mi?<\/h2>\r\n<p>Pat Maloney: Abogado de accidentes y lesiones se encuentra en 239 E Commerce St., en el coraz\u00f3n de San Antonio, TX. Somos propietarios de uno de los edificios m\u00e1s hist\u00f3ricos y hermosos de la ciudad. Hay estacionamiento disponible cerca. Si no puede desplazarse, podemos organizar una consulta por tel\u00e9fono o videoconferencia, o incluso una visita al hospital.<\/p>\r\n<h2>Comun\u00edquese con un abogado especializado en accidentes de motocicleta en San Antonio<\/h2>\r\n<p>Si usted o un ser querido ha estado involucrado en un accidente de motocicleta, es fundamental actuar con prontitud. En Pat Maloney: Abogado de Accidentes y Lesiones, entendemos los riesgos y desaf\u00edos espec\u00edficos que conlleva la conducci\u00f3n de motocicletas, y estamos aqu\u00ed para apoyarlo en este momento tan complicado.<\/p>\r\n<p>Nuestro equipo de abogados experimentados se dedica a defender los derechos de las v\u00edctimas de accidentes de motocicleta, asegurando que reciban la compensaci\u00f3n justa por sus lesiones y da\u00f1os. Conocemos a fondo los detalles de estos casos y lucharemos incansablemente para lograr el mejor resultado posible para usted.<\/p>\r\n<p>Llame a nuestras oficinas o complete nuestro formulario de contacto. No pierda tiempo y comience hoy mismo con una evaluaci\u00f3n gratuita de su caso. \u00a1Tambi\u00e9n hablamos espa\u00f1ol!<\/p>\r\n","protected":false},"excerpt":{"rendered":"<p>Abogado Especializado en Accidentes de Motocicleta en San Antonio Representaci\u00f3n Jur\u00eddica Experta tras un Accidente de Motocicleta en Texas Los motociclistas enfrentan m\u00e1s riesgos que otros conductores en la carretera. Al estar menos protegidos, suelen sufrir lesiones graves o catastr\u00f3ficas en accidentes con veh\u00edculos m\u00e1s grandes, y en muchos casos, estos accidentes son fatales. Para&hellip;<\/p>\n","protected":false},"author":2,"featured_media":0,"parent":0,"menu_order":0,"comment_status":"closed","ping_status":"closed","template":"","meta":{"footnotes":""},"class_list":["post-4302","page","type-page","status-publish","hentry"],"yoast_head":"<!-- This site is optimized with the Yoast SEO plugin v27.4 - https:\/\/yoast.com\/product\/yoast-seo-wordpress\/ -->\n<title>Abogado Especializado en Accidentes de Motocicleta en San Antonio<\/title>\n<meta name=\"description\" content=\"Abogado especializado en accidentes de motocicleta en San Antonio. Protegemos sus derechos y buscamos la compensaci\u00f3n que merece. Cont\u00e1ctenos para una consulta gratuita.\" \/>\n<meta name=\"robots\" content=\"index, follow, max-snippet:-1, max-image-preview:large, max-video-preview:-1\" \/>\n<link rel=\"canonical\" href=\"https:\/\/patmaloney.com\/es\/accidentes-de-motocicleta\/\" \/>\n<meta property=\"og:locale\" content=\"es_ES\" \/>\n<meta property=\"og:type\" content=\"article\" \/>\n<meta property=\"og:title\" content=\"Abogado Especializado en Accidentes de Motocicleta en San Antonio\" \/>\n<meta property=\"og:description\" content=\"Abogado especializado en accidentes de motocicleta en San Antonio. Protegemos sus derechos y buscamos la compensaci\u00f3n que merece. Cont\u00e1ctenos para una consulta gratuita.\" \/>\n<meta property=\"og:url\" content=\"https:\/\/patmaloney.com\/es\/accidentes-de-motocicleta\/\" \/>\n<meta property=\"og:site_name\" content=\"Pat Maloney: Accident &amp; Injury Attorney\" \/>\n<meta property=\"og:image\" content=\"https:\/\/patmaloney.com\/wp-content\/uploads\/2023\/05\/Motorcycle-Accident.jpg\" \/>\n<meta name=\"twitter:card\" content=\"summary_large_image\" \/>\n<meta name=\"twitter:label1\" content=\"Tiempo de lectura\" \/>\n\t<meta name=\"twitter:data1\" content=\"10 minutos\" \/>\n<script type=\"application\/ld+json\" class=\"yoast-schema-graph\">{\"@context\":\"https:\\\/\\\/schema.org\",\"@graph\":[{\"@type\":\"WebPage\",\"@id\":\"https:\\\/\\\/patmaloney.com\\\/es\\\/accidentes-de-motocicleta\\\/\",\"url\":\"https:\\\/\\\/patmaloney.com\\\/es\\\/accidentes-de-motocicleta\\\/\",\"name\":\"Abogado Especializado en Accidentes de Motocicleta en San Antonio\",\"isPartOf\":{\"@id\":\"https:\\\/\\\/patmaloney.com\\\/es\\\/#website\"},\"primaryImageOfPage\":{\"@id\":\"https:\\\/\\\/patmaloney.com\\\/es\\\/accidentes-de-motocicleta\\\/#primaryimage\"},\"image\":{\"@id\":\"https:\\\/\\\/patmaloney.com\\\/es\\\/accidentes-de-motocicleta\\\/#primaryimage\"},\"thumbnailUrl\":\"https:\\\/\\\/patmaloney.com\\\/wp-content\\\/uploads\\\/2023\\\/05\\\/Motorcycle-Accident.jpg\",\"datePublished\":\"2025-09-27T00:00:45+00:00\",\"description\":\"Abogado especializado en accidentes de motocicleta en San Antonio. Protegemos sus derechos y buscamos la compensaci\u00f3n que merece. Cont\u00e1ctenos para una consulta gratuita.\",\"breadcrumb\":{\"@id\":\"https:\\\/\\\/patmaloney.com\\\/es\\\/accidentes-de-motocicleta\\\/#breadcrumb\"},\"inLanguage\":\"es\",\"potentialAction\":[{\"@type\":\"ReadAction\",\"target\":[\"https:\\\/\\\/patmaloney.com\\\/es\\\/accidentes-de-motocicleta\\\/\"]}]},{\"@type\":\"ImageObject\",\"inLanguage\":\"es\",\"@id\":\"https:\\\/\\\/patmaloney.com\\\/es\\\/accidentes-de-motocicleta\\\/#primaryimage\",\"url\":\"https:\\\/\\\/patmaloney.com\\\/wp-content\\\/uploads\\\/2023\\\/05\\\/Motorcycle-Accident.jpg\",\"contentUrl\":\"https:\\\/\\\/patmaloney.com\\\/wp-content\\\/uploads\\\/2023\\\/05\\\/Motorcycle-Accident.jpg\"},{\"@type\":\"BreadcrumbList\",\"@id\":\"https:\\\/\\\/patmaloney.com\\\/es\\\/accidentes-de-motocicleta\\\/#breadcrumb\",\"itemListElement\":[{\"@type\":\"ListItem\",\"position\":1,\"name\":\"Home\",\"item\":\"https:\\\/\\\/patmaloney.com\\\/es\\\/\"},{\"@type\":\"ListItem\",\"position\":2,\"name\":\"Accidentes Automovil\u00edsticos\",\"item\":\"https:\\\/\\\/patmaloney.com\\\/es\\\/accidentes-automovilisticos\\\/\"},{\"@type\":\"ListItem\",\"position\":3,\"name\":\"Accidentes de Motocicleta\"}]},{\"@type\":\"WebSite\",\"@id\":\"https:\\\/\\\/patmaloney.com\\\/es\\\/#website\",\"url\":\"https:\\\/\\\/patmaloney.com\\\/es\\\/\",\"name\":\"Pat Maloney: Accident & Injury Attorney\",\"description\":\"San Antonio Personal Injury Lawyer\",\"publisher\":{\"@id\":\"https:\\\/\\\/patmaloney.com\\\/es\\\/#organization\"},\"alternateName\":\"Pat Maloney: Accident & Injury Attorney\",\"potentialAction\":[{\"@type\":\"SearchAction\",\"target\":{\"@type\":\"EntryPoint\",\"urlTemplate\":\"https:\\\/\\\/patmaloney.com\\\/es\\\/?s={search_term_string}\"},\"query-input\":{\"@type\":\"PropertyValueSpecification\",\"valueRequired\":true,\"valueName\":\"search_term_string\"}}],\"inLanguage\":\"es\"},{\"@type\":\"Organization\",\"@id\":\"https:\\\/\\\/patmaloney.com\\\/es\\\/#organization\",\"name\":\"Pat Maloney: Accident & Injury Attorney\",\"alternateName\":\"Pat Maloney: Accident & Injury Attorney, P.C.\",\"url\":\"https:\\\/\\\/patmaloney.com\\\/es\\\/\",\"logo\":{\"@type\":\"ImageObject\",\"inLanguage\":\"es\",\"@id\":\"https:\\\/\\\/patmaloney.com\\\/es\\\/#\\\/schema\\\/logo\\\/image\\\/\",\"url\":\"https:\\\/\\\/patmaloney.com\\\/wp-content\\\/uploads\\\/2023\\\/05\\\/MaloneyLogo2024-1.png\",\"contentUrl\":\"https:\\\/\\\/patmaloney.com\\\/wp-content\\\/uploads\\\/2023\\\/05\\\/MaloneyLogo2024-1.png\",\"width\":1400,\"height\":249,\"caption\":\"Pat Maloney: Accident & Injury Attorney\"},\"image\":{\"@id\":\"https:\\\/\\\/patmaloney.com\\\/es\\\/#\\\/schema\\\/logo\\\/image\\\/\"}}]}<\/script>\n<!-- \/ Yoast SEO plugin. -->","yoast_head_json":{"title":"Abogado Especializado en Accidentes de Motocicleta en San Antonio","description":"Abogado especializado en accidentes de motocicleta en San Antonio. Protegemos sus derechos y buscamos la compensaci\u00f3n que merece. Cont\u00e1ctenos para una consulta gratuita.","robots":{"index":"index","follow":"follow","max-snippet":"max-snippet:-1","max-image-preview":"max-image-preview:large","max-video-preview":"max-video-preview:-1"},"canonical":"https:\/\/patmaloney.com\/es\/accidentes-de-motocicleta\/","og_locale":"es_ES","og_type":"article","og_title":"Abogado Especializado en Accidentes de Motocicleta en San Antonio","og_description":"Abogado especializado en accidentes de motocicleta en San Antonio. Protegemos sus derechos y buscamos la compensaci\u00f3n que merece. Cont\u00e1ctenos para una consulta gratuita.","og_url":"https:\/\/patmaloney.com\/es\/accidentes-de-motocicleta\/","og_site_name":"Pat Maloney: Accident &amp; Injury Attorney","og_image":[{"url":"https:\/\/patmaloney.com\/wp-content\/uploads\/2023\/05\/Motorcycle-Accident.jpg","type":"","width":"","height":""}],"twitter_card":"summary_large_image","twitter_misc":{"Tiempo de lectura":"10 minutos"},"schema":{"@context":"https:\/\/schema.org","@graph":[{"@type":"WebPage","@id":"https:\/\/patmaloney.com\/es\/accidentes-de-motocicleta\/","url":"https:\/\/patmaloney.com\/es\/accidentes-de-motocicleta\/","name":"Abogado Especializado en Accidentes de Motocicleta en San Antonio","isPartOf":{"@id":"https:\/\/patmaloney.com\/es\/#website"},"primaryImageOfPage":{"@id":"https:\/\/patmaloney.com\/es\/accidentes-de-motocicleta\/#primaryimage"},"image":{"@id":"https:\/\/patmaloney.com\/es\/accidentes-de-motocicleta\/#primaryimage"},"thumbnailUrl":"https:\/\/patmaloney.com\/wp-content\/uploads\/2023\/05\/Motorcycle-Accident.jpg","datePublished":"2025-09-27T00:00:45+00:00","description":"Abogado especializado en accidentes de motocicleta en San Antonio. Protegemos sus derechos y buscamos la compensaci\u00f3n que merece. Cont\u00e1ctenos para una consulta gratuita.","breadcrumb":{"@id":"https:\/\/patmaloney.com\/es\/accidentes-de-motocicleta\/#breadcrumb"},"inLanguage":"es","potentialAction":[{"@type":"ReadAction","target":["https:\/\/patmaloney.com\/es\/accidentes-de-motocicleta\/"]}]},{"@type":"ImageObject","inLanguage":"es","@id":"https:\/\/patmaloney.com\/es\/accidentes-de-motocicleta\/#primaryimage","url":"https:\/\/patmaloney.com\/wp-content\/uploads\/2023\/05\/Motorcycle-Accident.jpg","contentUrl":"https:\/\/patmaloney.com\/wp-content\/uploads\/2023\/05\/Motorcycle-Accident.jpg"},{"@type":"BreadcrumbList","@id":"https:\/\/patmaloney.com\/es\/accidentes-de-motocicleta\/#breadcrumb","itemListElement":[{"@type":"ListItem","position":1,"name":"Home","item":"https:\/\/patmaloney.com\/es\/"},{"@type":"ListItem","position":2,"name":"Accidentes Automovil\u00edsticos","item":"https:\/\/patmaloney.com\/es\/accidentes-automovilisticos\/"},{"@type":"ListItem","position":3,"name":"Accidentes de Motocicleta"}]},{"@type":"WebSite","@id":"https:\/\/patmaloney.com\/es\/#website","url":"https:\/\/patmaloney.com\/es\/","name":"Pat Maloney: Accident & Injury Attorney","description":"San Antonio Personal Injury Lawyer","publisher":{"@id":"https:\/\/patmaloney.com\/es\/#organization"},"alternateName":"Pat Maloney: Accident & Injury Attorney","potentialAction":[{"@type":"SearchAction","target":{"@type":"EntryPoint","urlTemplate":"https:\/\/patmaloney.com\/es\/?s={search_term_string}"},"query-input":{"@type":"PropertyValueSpecification","valueRequired":true,"valueName":"search_term_string"}}],"inLanguage":"es"},{"@type":"Organization","@id":"https:\/\/patmaloney.com\/es\/#organization","name":"Pat Maloney: Accident & Injury Attorney","alternateName":"Pat Maloney: Accident & Injury Attorney, P.C.","url":"https:\/\/patmaloney.com\/es\/","logo":{"@type":"ImageObject","inLanguage":"es","@id":"https:\/\/patmaloney.com\/es\/#\/schema\/logo\/image\/","url":"https:\/\/patmaloney.com\/wp-content\/uploads\/2023\/05\/MaloneyLogo2024-1.png","contentUrl":"https:\/\/patmaloney.com\/wp-content\/uploads\/2023\/05\/MaloneyLogo2024-1.png","width":1400,"height":249,"caption":"Pat Maloney: Accident & Injury Attorney"},"image":{"@id":"https:\/\/patmaloney.com\/es\/#\/schema\/logo\/image\/"}}]}},"_links":{"self":[{"href":"https:\/\/patmaloney.com\/es\/wp-json\/wp\/v2\/pages\/4302","targetHints":{"allow":["GET"]}}],"collection":[{"href":"https:\/\/patmaloney.com\/es\/wp-json\/wp\/v2\/pages"}],"about":[{"href":"https:\/\/patmaloney.com\/es\/wp-json\/wp\/v2\/types\/page"}],"author":[{"embeddable":true,"href":"https:\/\/patmaloney.com\/es\/wp-json\/wp\/v2\/users\/2"}],"replies":[{"embeddable":true,"href":"https:\/\/patmaloney.com\/es\/wp-json\/wp\/v2\/comments?post=4302"}],"version-history":[{"count":4,"href":"https:\/\/patmaloney.com\/es\/wp-json\/wp\/v2\/pages\/4302\/revisions"}],"predecessor-version":[{"id":4392,"href":"https:\/\/patmaloney.com\/es\/wp-json\/wp\/v2\/pages\/4302\/revisions\/4392"}],"wp:attachment":[{"href":"https:\/\/patmaloney.com\/es\/wp-json\/wp\/v2\/media?parent=4302"}],"curies":[{"name":"wp","href":"https:\/\/api.w.org\/{rel}","templated":true}]}}