{"id":4309,"date":"2023-05-14T17:56:24","date_gmt":"2023-05-14T17:56:24","guid":{"rendered":"https:\/\/patmaloney.com\/wrongful-death\/"},"modified":"2026-05-08T15:10:13","modified_gmt":"2026-05-08T15:10:13","slug":"muertes-por-negligencia","status":"publish","type":"page","link":"https:\/\/patmaloney.com\/es\/muertes-por-negligencia\/","title":{"rendered":"Muertes por Negligencia"},"content":{"rendered":"\n<figure itemscope itemtype=\"https:\/\/schema.org\/ImageObject\">\n\t\t\t\t<img decoding=\"async\" src=\"https:\/\/patmaloney.com\/wp-content\/uploads\/2023\/05\/Wrongful-Death.jpg\" alt=\"Wrongful Death\" height=\"491\" width=\"895\" title=\"Wrongful Death\" onerror=\"this.style.display='none'\" loading=\"lazy\" \/>\n\t<\/figure>\n\t<h1><strong>Abogado Especializado en Muertes por Negligencia en San Antonio<\/strong><\/h1>\n<h2>Comprendiendo las leyes de muerte por negligencia en Texas<\/h2>\n<p>Si ha perdido a un ser querido debido a la negligencia o descuido de otra persona, empresa o entidad, es fundamental buscar asesor\u00eda legal de inmediato. Usted y su familia podr\u00edan tener derecho a una compensaci\u00f3n a trav\u00e9s de una demanda por muerte por negligencia.<\/p>\n<p>En Pat Maloney: Abogado de Accidentes y Lesiones, contamos con un equipo altamente capacitado y con amplia experiencia que le puede apoyar en este momento tan dif\u00edcil. Entendemos que ninguna cantidad de dinero puede reemplazar a un ser querido, pero una compensaci\u00f3n justa puede brindar estabilidad econ\u00f3mica a su familia y ayudarles a avanzar tras una tragedia causada por una muerte por negligencia.<\/p>\n\t<p><strong>\u00a1Ll\u00e1menos hoy mismo o complete nuestro formulario de contacto! Nuestro equipo est\u00e1 listo para brindarle la atenci\u00f3n y el apoyo que necesita. Contar\u00e1 con un abogado experimentado y compasivo en casos de muerte por negligencia en San Antonio, dedicado a luchar por sus derechos y por la justicia que usted y su familia merecen.<\/strong><\/p>\n\t<h2>Preguntas Frecuentes<\/h2>\n\t<ul>\n<li><a href=\"#FAQ1\">\u00bfPor qu\u00e9 elegir a Pat Maloney: abogado especializado en accidentes y lesiones?<\/a><\/li>\n<li><a href=\"#FAQ2\">\u00bfQu\u00e9 se considera una muerte por negligencia en Texas?<\/a><\/li>\n<li><a href=\"#FAQ3\">\u00bfCu\u00e1les son los diferentes tipos de demandas de muerte por negligencia?<\/a><\/li>\n<li><a href=\"#FAQ4\">\u00bfQui\u00e9n puede presentar una demanda por muerte por negligencia en San Antonio?<\/a><\/li>\n<li><a href=\"#FAQ5\">\u00bfCu\u00e1l es el plazo de prescripci\u00f3n para las demandas por muerte por negligencia en Texas?<\/a><\/li>\n<li><a href=\"#FAQ6\">\u00bfCu\u00e1l es el valor de mi demanda por muerte por negligencia?<\/a><\/li>\n<li><a href=\"#FAQ7\">\u00bfC\u00f3mo puede ayudar un abogado especializado en muertes por negligencia en San Antonio?<\/a><\/li>\n<li><a href=\"#FAQ8\">\u00bfHay alg\u00fan abogado experto en casos de muerte por negligencia cerca de m\u00ed?<\/a><\/li>\n<\/ul>\n<figure itemscope itemtype=\"https:\/\/schema.org\/ImageObject\">\n\t\t\t\t<img decoding=\"async\" src=\"https:\/\/patmaloney.com\/wp-content\/uploads\/2023\/05\/services-1.png\" alt=\"San Antonio injury lawyer Pat Maloney\" height=\"703\" width=\"711\" title=\"services-1\" onerror=\"this.style.display='none'\" loading=\"lazy\" \/>\n\t<\/figure>\n\t<h2>\u00bfPor qu\u00e9 elegir a Pat Maloney: abogado especializado en accidentes y lesiones?<\/h2>\n<p>Cuando se enfrenta a la p\u00e9rdida de un ser querido, es fundamental contar con el apoyo de un abogado especializado en casos de muerte por negligencia, alguien en quien pueda confiar tanto a nivel personal como profesional. En Pat Maloney: Abogado de Accidentes y Lesiones, contamos con un equipo que combina compasi\u00f3n, experiencia y compromiso para brindarle la ayuda que necesita en este dif\u00edcil momento.<\/p>\n<ul>\n<li>Contamos con 70 a\u00f1os de experiencia a tu servicio.<\/li>\n<li>Te brindaremos una atenci\u00f3n personalizada, enfoc\u00e1ndonos en tus necesidades y prioridades.<\/li>\n<li>Adem\u00e1s, no tendr\u00e1s que preocuparte por los honorarios legales hasta que logremos recuperar la indemnizaci\u00f3n que mereces.<\/li>\n<\/ul>\n\t<h2>\u00bfQu\u00e9 se considera una muerte por negligencia en Texas?<\/h2>\n<p>Las demandas por muerte por negligencia pueden surgir en diversas circunstancias, pero siempre tienen como origen acciones descuidadas, negligentes o intencionales que resultan en la p\u00e9rdida de una vida. Este tipo de reclamaciones brinda a los familiares del fallecido la oportunidad de buscar justicia y obtener una compensaci\u00f3n por su irreparable p\u00e9rdida.<\/p>\n\t<h2>\u00bfCu\u00e1les son los diferentes tipos de reclamos por muerte por negligencia?<\/h2>\n\t<p>En Pat Maloney: Abogado de Accidentes y Lesiones, manejamos con frecuencia casos de muerte por negligencia en San Antonio relacionados con diversos tipos de incidentes, entre ellos:<\/p>\n\t<ul>\n<li>Accidentes automovil\u00edsticos<\/li>\n<li>Accidentes de camiones comerciales<\/li>\n<li>Accidentes de motocicletas<\/li>\n<li>Accidentes de bicicletas<\/li>\n<li>Accidentes de peatones<\/li>\n<\/ul>\n\t<ul>\n<li>Incidentes en campos petrol\u00edferos<\/li>\n<li>Accidentes de construcci\u00f3n<\/li>\n<li>Incidentes en el lugar de trabajo<\/li>\n<li>Productos defectuosos<\/li>\n<li>Negligencia m\u00e9dica<\/li>\n<\/ul>\n\t<p>Aunque muchos de estos casos pueden tener v\u00ednculos con asuntos penales, las demandas por muerte por negligencia se procesan en tribunales civiles. Es importante destacar que no es necesario que exista un caso penal en curso contra la persona negligente para presentar una reclamaci\u00f3n por muerte por negligencia.<\/p>\n\t<h2>\u00bfQui\u00e9n puede presentar un reclamo por muerte por negligencia en San Antonio?<\/h2>\n<p>En Texas, las leyes espec\u00edficas determinan qui\u00e9nes est\u00e1n autorizados a presentar una demanda por muerte por negligencia, as\u00ed como el orden de prioridad para hacerlo. Seg\u00fan estas disposiciones legales, durante los primeros tres meses posteriores al fallecimiento, las siguientes personas tienen prioridad para iniciar una demanda:<\/p>\n<ul>\n<li>El c\u00f3nyuge sobreviviente del fallecido<\/li>\n<li>Cualquier hijo sobreviviente del fallecido<\/li>\n<li>El padre o los padres del fallecido<\/li>\n<\/ul>\n<p>En Texas, las leyes de muerte por negligencia permiten que las personas autorizadas presenten demandas de forma individual o conjunta. Sin embargo, si no se toma acci\u00f3n dentro de los tres meses posteriores al fallecimiento, el representante personal del patrimonio del fallecido puede iniciar la demanda en nombre del patrimonio. Es importante destacar que un familiar sobreviviente puede solicitar expl\u00edcitamente que no se presente una demanda, lo que impedir\u00eda al representante personal o albacea proceder legalmente.<\/p>\n<p>Adem\u00e1s, las leyes permiten que tanto los hijos adultos como los hijos adoptados presenten demandas por muerte por negligencia si pierden a un padre o a un padre adoptivo debido a la negligencia o conducta il\u00edcita de otra persona. Sin embargo, las personas adoptadas oficialmente no tienen derecho a demandar en caso de fallecimiento de un padre biol\u00f3gico. Por otro lado, los hermanos, ya sean biol\u00f3gicos o adoptivos, no est\u00e1n autorizados a presentar demandas por muerte por negligencia tras el fallecimiento de un hermano o hermana en Texas.<\/p>\n\t<h2>\u00bfCu\u00e1l es el plazo de prescripci\u00f3n para los reclamos por muerte por negligencia en Texas?<\/h2>\n<p>En Texas, el c\u00f3nyuge, los hijos y los padres del fallecido tienen derecho a presentar una demanda por muerte por negligencia. Es fundamental actuar dentro del plazo de prescripci\u00f3n de dos a\u00f1os desde la fecha de la muerte accidental para preservar su derecho a buscar justicia.<\/p>\n<p>Si ha perdido a un ser querido debido a la negligencia de otra persona, queremos expresar nuestras m\u00e1s sinceras condolencias por su p\u00e9rdida. Sabemos que ninguna cantidad de dinero puede reemplazar a un ser querido, pero una demanda por muerte por negligencia puede proporcionarle el apoyo financiero necesario en estos momentos dif\u00edciles. Esto le permitir\u00e1 centrarse en su recuperaci\u00f3n emocional y en estar cerca de sus seres queridos mientras avanza en el proceso de sanaci\u00f3n.<\/p>\n<figure itemscope itemtype=\"https:\/\/schema.org\/ImageObject\">\n\t\t\t\t<img decoding=\"async\" src=\"https:\/\/patmaloney.com\/wp-content\/uploads\/2023\/05\/Attorney-Pat-Maloney.png\" alt=\"San Antonio personal injury attorney Pat Maloney\" height=\"945\" width=\"860\" title=\"Attorney Pat Maloney\" onerror=\"this.style.display='none'\" loading=\"lazy\" \/>\n\t<\/figure>\n\t<h2>\u00bfCu\u00e1l es el valor de mi reclamo por muerte injusta?<\/h2>\n<p>En Pat Maloney: Abogado de accidentes y lesiones, nos comprometemos a ayudar a nuestros clientes a obtener una compensaci\u00f3n justa por los da\u00f1os sufridos, que pueden incluir:<\/p>\n<ul>\n<li>Gastos funerarios y de entierro<\/li>\n<li>Costos de atenci\u00f3n m\u00e9dica y tratamiento previos a la muerte<\/li>\n<li>P\u00e9rdida de ingresos y beneficios futuros del fallecido<\/li>\n<li>Angustia mental<\/li>\n<li>P\u00e9rdida de compa\u00f1\u00eda y sociedad<\/li>\n<\/ul>\n<p>En ciertos casos de muerte por negligencia, los familiares sobrevivientes tambi\u00e9n pueden tener derecho a da\u00f1os punitivos. A diferencia de los da\u00f1os compensatorios, cuyo objetivo es reparar las p\u00e9rdidas espec\u00edficas, los da\u00f1os punitivos buscan castigar al acusado y disuadir futuros actos de negligencia o conducta irresponsable.<\/p>\n<p>Los da\u00f1os punitivos suelen estar disponibles cuando se demuestra que el acusado actu\u00f3 con una negligencia flagrante o con un desprecio deliberado por la seguridad y el bienestar de los dem\u00e1s. Estos da\u00f1os pueden ser aplicables en casos de conductas extremadamente irresponsables, como la conducci\u00f3n bajo los efectos del alcohol o una agresi\u00f3n criminal, entre otras circunstancias graves.<\/p>\n\t<h2>\u00bfC\u00f3mo puede ayudar un abogado especializado en muertes por negligencia en San Antonio?<\/h2>\n<p>Los reclamos y casos por muerte por negligencia pueden ser extremadamente complejos e involucrar a m\u00faltiples partes, como la persona responsable de la muerte accidental, las compa\u00f1\u00edas de seguros, los equipos legales y otros involucrados. La mayor\u00eda de las personas no tienen los recursos ni la experiencia para manejar estos casos por s\u00ed solas.<\/p>\n<p>Sin embargo, al elegir trabajar con nuestro equipo, su abogado experto en este tipo de casos se encargar\u00e1 de:<\/p>\n<ul>\n<li>Realizar una investigaci\u00f3n exhaustiva sobre la muerte accidental, recopilando todas las pruebas relevantes relacionadas con el incidente.<\/li>\n<li>Colaborar con expertos m\u00e9dicos y econ\u00f3micos para calcular de manera precisa las p\u00e9rdidas sufridas debido a la muerte de su ser querido.<\/li>\n<li>Gestionar todas las negociaciones necesarias para asegurar un acuerdo que cubra sus gastos y le permita obtener un cierre en el caso.<\/li>\n<\/ul>\n<p>Nos aseguramos de que reciba el apoyo necesario en cada paso del proceso, trabajando incansablemente para obtener la compensaci\u00f3n que usted y su familia merecen.<\/p>\n\t<h2>\u00bfHay alg\u00fan abogado experto en muertes por negligencia cerca de m\u00ed?<\/h2>\n<p>Pat Maloney: Abogado de accidentes y lesiones est\u00e1 ubicado en 239 E Commerce St., en el coraz\u00f3n de San Antonio, TX. Nuestro despacho se encuentra en uno de los edificios m\u00e1s hermosos e hist\u00f3ricos de la ciudad, y hay abundante estacionamiento cercano para su comodidad. Si no puede desplazarse hasta nuestra oficina, no se preocupe; podemos organizar una consulta telef\u00f3nica o por videoconferencia, o incluso visitar a su ser querido en el hospital. Estamos aqu\u00ed para ayudarle de la manera m\u00e1s conveniente para usted.<\/p>\n<h2>Un abogado de confianza especializado en muerte por negligencia que presta servicios en San Antonio<\/h2>\n<p>Si su familia est\u00e1 atravesando una p\u00e9rdida dolorosa, permita que Pat Maloney: Abogado de accidentes y lesiones est\u00e9 a su lado. Un abogado experimentado en casos de muerte por negligencia en San Antonio puede ayudar a los seres queridos sobrevivientes a obtener la justicia que merecen y la compensaci\u00f3n financiera necesaria para seguir adelante.<\/p>\n<p>Con 70 a\u00f1os de experiencia en casos de muerte por negligencia en San Antonio, el condado de Bexar y en todo Texas, nuestro bufete est\u00e1 listo para defender sus derechos. Y es que hemos recuperado millones de d\u00f3lares para nuestros clientes, incluyendo acuerdos y veredictos de siete y ocho cifras. Con un \u00e9xito del 99 % en los casos que manejamos, trabajamos sin cobrar honorarios hasta que obtengamos la compensaci\u00f3n que se merece.<\/p>\n<p>Llame a nuestras oficinas o complete nuestro formulario de contacto. Estamos aqu\u00ed para ayudarle y adem\u00e1s, tambi\u00e9n hablamos espa\u00f1ol.<\/p>\n\n","protected":false},"excerpt":{"rendered":"<p>Abogado Especializado en Muertes por Negligencia en San Antonio Comprendiendo las leyes de muerte por negligencia en Texas Si ha perdido a un ser querido debido a la negligencia o descuido de otra persona, empresa o entidad, es fundamental buscar asesor\u00eda legal de inmediato. Usted y su familia podr\u00edan tener derecho a una compensaci\u00f3n a&hellip;<\/p>\n","protected":false},"author":2,"featured_media":0,"parent":0,"menu_order":0,"comment_status":"closed","ping_status":"closed","template":"","meta":{"footnotes":""},"class_list":["post-4309","page","type-page","status-publish","hentry"],"yoast_head":"<!-- This site is optimized with the Yoast SEO plugin v27.5 - https:\/\/yoast.com\/product\/yoast-seo-wordpress\/ -->\n<title>Abogado Especializado en Muertes por Negligencia en San Antonio<\/title>\n<meta name=\"description\" content=\"Abogado especializado en muertes por negligencia en San Antonio. Obtenga justicia y compensaci\u00f3n para su familia. Cont\u00e1ctenos para una consulta gratuita.\" \/>\n<meta name=\"robots\" content=\"index, follow, max-snippet:-1, max-image-preview:large, max-video-preview:-1\" \/>\n<link rel=\"canonical\" href=\"https:\/\/patmaloney.com\/es\/muertes-por-negligencia\/\" \/>\n<meta property=\"og:locale\" content=\"es_ES\" \/>\n<meta property=\"og:type\" content=\"article\" \/>\n<meta property=\"og:title\" content=\"Abogado Especializado en Muertes por Negligencia en San Antonio\" \/>\n<meta property=\"og:description\" content=\"Abogado especializado en muertes por negligencia en San Antonio. Obtenga justicia y compensaci\u00f3n para su familia. Cont\u00e1ctenos para una consulta gratuita.\" \/>\n<meta property=\"og:url\" content=\"https:\/\/patmaloney.com\/es\/muertes-por-negligencia\/\" \/>\n<meta property=\"og:site_name\" content=\"Pat Maloney: Accident &amp; Injury Attorney\" \/>\n<meta property=\"article:publisher\" content=\"https:\/\/www.facebook.com\/LawOfficesofPatMaloney\/\" \/>\n<meta property=\"article:modified_time\" content=\"2026-05-08T15:10:13+00:00\" \/>\n<meta property=\"og:image\" content=\"https:\/\/patmaloney.com\/wp-content\/uploads\/2023\/05\/Wrongful-Death.jpg\" \/>\n<meta name=\"twitter:card\" content=\"summary_large_image\" \/>\n<meta name=\"twitter:label1\" content=\"Tiempo de lectura\" \/>\n\t<meta name=\"twitter:data1\" content=\"8 minutos\" \/>\n<script type=\"application\/ld+json\" class=\"yoast-schema-graph\">{\"@context\":\"https:\\\/\\\/schema.org\",\"@graph\":[{\"@type\":\"WebPage\",\"@id\":\"https:\\\/\\\/patmaloney.com\\\/es\\\/muertes-por-negligencia\\\/\",\"url\":\"https:\\\/\\\/patmaloney.com\\\/es\\\/muertes-por-negligencia\\\/\",\"name\":\"Abogado Especializado en Muertes por Negligencia en San Antonio\",\"isPartOf\":{\"@id\":\"https:\\\/\\\/patmaloney.com\\\/es\\\/#website\"},\"primaryImageOfPage\":{\"@id\":\"https:\\\/\\\/patmaloney.com\\\/es\\\/muertes-por-negligencia\\\/#primaryimage\"},\"image\":{\"@id\":\"https:\\\/\\\/patmaloney.com\\\/es\\\/muertes-por-negligencia\\\/#primaryimage\"},\"thumbnailUrl\":\"https:\\\/\\\/patmaloney.com\\\/wp-content\\\/uploads\\\/2023\\\/05\\\/Wrongful-Death.jpg\",\"datePublished\":\"2023-05-14T17:56:24+00:00\",\"dateModified\":\"2026-05-08T15:10:13+00:00\",\"description\":\"Abogado especializado en muertes por negligencia en San Antonio. Obtenga justicia y compensaci\u00f3n para su familia. Cont\u00e1ctenos para una consulta gratuita.\",\"breadcrumb\":{\"@id\":\"https:\\\/\\\/patmaloney.com\\\/es\\\/muertes-por-negligencia\\\/#breadcrumb\"},\"inLanguage\":\"es\",\"potentialAction\":[{\"@type\":\"ReadAction\",\"target\":[\"https:\\\/\\\/patmaloney.com\\\/es\\\/muertes-por-negligencia\\\/\"]}]},{\"@type\":\"ImageObject\",\"inLanguage\":\"es\",\"@id\":\"https:\\\/\\\/patmaloney.com\\\/es\\\/muertes-por-negligencia\\\/#primaryimage\",\"url\":\"https:\\\/\\\/patmaloney.com\\\/wp-content\\\/uploads\\\/2023\\\/05\\\/Wrongful-Death.jpg\",\"contentUrl\":\"https:\\\/\\\/patmaloney.com\\\/wp-content\\\/uploads\\\/2023\\\/05\\\/Wrongful-Death.jpg\"},{\"@type\":\"BreadcrumbList\",\"@id\":\"https:\\\/\\\/patmaloney.com\\\/es\\\/muertes-por-negligencia\\\/#breadcrumb\",\"itemListElement\":[{\"@type\":\"ListItem\",\"position\":1,\"name\":\"Home\",\"item\":\"https:\\\/\\\/patmaloney.com\\\/es\\\/\"},{\"@type\":\"ListItem\",\"position\":2,\"name\":\"Muertes por Negligencia\"}]},{\"@type\":\"WebSite\",\"@id\":\"https:\\\/\\\/patmaloney.com\\\/es\\\/#website\",\"url\":\"https:\\\/\\\/patmaloney.com\\\/es\\\/\",\"name\":\"Pat Maloney: Accident & Injury Attorney\",\"description\":\"San Antonio Personal Injury Lawyer\",\"publisher\":{\"@id\":\"https:\\\/\\\/patmaloney.com\\\/es\\\/#organization\"},\"alternateName\":\"Pat Maloney: Accident & Injury Attorney\",\"potentialAction\":[{\"@type\":\"SearchAction\",\"target\":{\"@type\":\"EntryPoint\",\"urlTemplate\":\"https:\\\/\\\/patmaloney.com\\\/es\\\/?s={search_term_string}\"},\"query-input\":{\"@type\":\"PropertyValueSpecification\",\"valueRequired\":true,\"valueName\":\"search_term_string\"}}],\"inLanguage\":\"es\"},{\"@type\":\"Organization\",\"@id\":\"https:\\\/\\\/patmaloney.com\\\/es\\\/#organization\",\"name\":\"Pat Maloney: Accident & Injury Attorney\",\"alternateName\":\"Law Offices of Pat Maloney, P.C.\",\"url\":\"https:\\\/\\\/patmaloney.com\\\/es\\\/\",\"logo\":{\"@type\":\"ImageObject\",\"inLanguage\":\"es\",\"@id\":\"https:\\\/\\\/patmaloney.com\\\/es\\\/#\\\/schema\\\/logo\\\/image\\\/\",\"url\":\"https:\\\/\\\/patmaloney.com\\\/wp-content\\\/uploads\\\/2023\\\/05\\\/MaloneyLogo2024-1.png\",\"contentUrl\":\"https:\\\/\\\/patmaloney.com\\\/wp-content\\\/uploads\\\/2023\\\/05\\\/MaloneyLogo2024-1.png\",\"width\":1400,\"height\":249,\"caption\":\"Pat Maloney: Accident & Injury Attorney\"},\"image\":{\"@id\":\"https:\\\/\\\/patmaloney.com\\\/es\\\/#\\\/schema\\\/logo\\\/image\\\/\"},\"sameAs\":[\"https:\\\/\\\/www.facebook.com\\\/LawOfficesofPatMaloney\\\/\"]}]}<\/script>\n<!-- \/ Yoast SEO plugin. -->","yoast_head_json":{"title":"Abogado Especializado en Muertes por Negligencia en San Antonio","description":"Abogado especializado en muertes por negligencia en San Antonio. Obtenga justicia y compensaci\u00f3n para su familia. Cont\u00e1ctenos para una consulta gratuita.","robots":{"index":"index","follow":"follow","max-snippet":"max-snippet:-1","max-image-preview":"max-image-preview:large","max-video-preview":"max-video-preview:-1"},"canonical":"https:\/\/patmaloney.com\/es\/muertes-por-negligencia\/","og_locale":"es_ES","og_type":"article","og_title":"Abogado Especializado en Muertes por Negligencia en San Antonio","og_description":"Abogado especializado en muertes por negligencia en San Antonio. Obtenga justicia y compensaci\u00f3n para su familia. Cont\u00e1ctenos para una consulta gratuita.","og_url":"https:\/\/patmaloney.com\/es\/muertes-por-negligencia\/","og_site_name":"Pat Maloney: Accident &amp; Injury Attorney","article_publisher":"https:\/\/www.facebook.com\/LawOfficesofPatMaloney\/","article_modified_time":"2026-05-08T15:10:13+00:00","og_image":[{"url":"https:\/\/patmaloney.com\/wp-content\/uploads\/2023\/05\/Wrongful-Death.jpg","type":"","width":"","height":""}],"twitter_card":"summary_large_image","twitter_misc":{"Tiempo de lectura":"8 minutos"},"schema":{"@context":"https:\/\/schema.org","@graph":[{"@type":"WebPage","@id":"https:\/\/patmaloney.com\/es\/muertes-por-negligencia\/","url":"https:\/\/patmaloney.com\/es\/muertes-por-negligencia\/","name":"Abogado Especializado en Muertes por Negligencia en San Antonio","isPartOf":{"@id":"https:\/\/patmaloney.com\/es\/#website"},"primaryImageOfPage":{"@id":"https:\/\/patmaloney.com\/es\/muertes-por-negligencia\/#primaryimage"},"image":{"@id":"https:\/\/patmaloney.com\/es\/muertes-por-negligencia\/#primaryimage"},"thumbnailUrl":"https:\/\/patmaloney.com\/wp-content\/uploads\/2023\/05\/Wrongful-Death.jpg","datePublished":"2023-05-14T17:56:24+00:00","dateModified":"2026-05-08T15:10:13+00:00","description":"Abogado especializado en muertes por negligencia en San Antonio. Obtenga justicia y compensaci\u00f3n para su familia. Cont\u00e1ctenos para una consulta gratuita.","breadcrumb":{"@id":"https:\/\/patmaloney.com\/es\/muertes-por-negligencia\/#breadcrumb"},"inLanguage":"es","potentialAction":[{"@type":"ReadAction","target":["https:\/\/patmaloney.com\/es\/muertes-por-negligencia\/"]}]},{"@type":"ImageObject","inLanguage":"es","@id":"https:\/\/patmaloney.com\/es\/muertes-por-negligencia\/#primaryimage","url":"https:\/\/patmaloney.com\/wp-content\/uploads\/2023\/05\/Wrongful-Death.jpg","contentUrl":"https:\/\/patmaloney.com\/wp-content\/uploads\/2023\/05\/Wrongful-Death.jpg"},{"@type":"BreadcrumbList","@id":"https:\/\/patmaloney.com\/es\/muertes-por-negligencia\/#breadcrumb","itemListElement":[{"@type":"ListItem","position":1,"name":"Home","item":"https:\/\/patmaloney.com\/es\/"},{"@type":"ListItem","position":2,"name":"Muertes por Negligencia"}]},{"@type":"WebSite","@id":"https:\/\/patmaloney.com\/es\/#website","url":"https:\/\/patmaloney.com\/es\/","name":"Pat Maloney: Accident & Injury Attorney","description":"San Antonio Personal Injury Lawyer","publisher":{"@id":"https:\/\/patmaloney.com\/es\/#organization"},"alternateName":"Pat Maloney: Accident & Injury Attorney","potentialAction":[{"@type":"SearchAction","target":{"@type":"EntryPoint","urlTemplate":"https:\/\/patmaloney.com\/es\/?s={search_term_string}"},"query-input":{"@type":"PropertyValueSpecification","valueRequired":true,"valueName":"search_term_string"}}],"inLanguage":"es"},{"@type":"Organization","@id":"https:\/\/patmaloney.com\/es\/#organization","name":"Pat Maloney: Accident & Injury Attorney","alternateName":"Law Offices of Pat Maloney, P.C.","url":"https:\/\/patmaloney.com\/es\/","logo":{"@type":"ImageObject","inLanguage":"es","@id":"https:\/\/patmaloney.com\/es\/#\/schema\/logo\/image\/","url":"https:\/\/patmaloney.com\/wp-content\/uploads\/2023\/05\/MaloneyLogo2024-1.png","contentUrl":"https:\/\/patmaloney.com\/wp-content\/uploads\/2023\/05\/MaloneyLogo2024-1.png","width":1400,"height":249,"caption":"Pat Maloney: Accident & Injury Attorney"},"image":{"@id":"https:\/\/patmaloney.com\/es\/#\/schema\/logo\/image\/"},"sameAs":["https:\/\/www.facebook.com\/LawOfficesofPatMaloney\/"]}]}},"_links":{"self":[{"href":"https:\/\/patmaloney.com\/es\/wp-json\/wp\/v2\/pages\/4309","targetHints":{"allow":["GET"]}}],"collection":[{"href":"https:\/\/patmaloney.com\/es\/wp-json\/wp\/v2\/pages"}],"about":[{"href":"https:\/\/patmaloney.com\/es\/wp-json\/wp\/v2\/types\/page"}],"author":[{"embeddable":true,"href":"https:\/\/patmaloney.com\/es\/wp-json\/wp\/v2\/users\/2"}],"replies":[{"embeddable":true,"href":"https:\/\/patmaloney.com\/es\/wp-json\/wp\/v2\/comments?post=4309"}],"version-history":[{"count":1,"href":"https:\/\/patmaloney.com\/es\/wp-json\/wp\/v2\/pages\/4309\/revisions"}],"predecessor-version":[{"id":5314,"href":"https:\/\/patmaloney.com\/es\/wp-json\/wp\/v2\/pages\/4309\/revisions\/5314"}],"wp:attachment":[{"href":"https:\/\/patmaloney.com\/es\/wp-json\/wp\/v2\/media?parent=4309"}],"curies":[{"name":"wp","href":"https:\/\/api.w.org\/{rel}","templated":true}]}}