{"id":4325,"date":"2023-05-14T17:55:49","date_gmt":"2023-05-14T17:55:49","guid":{"rendered":"https:\/\/patmaloney.com\/lesiones-personales\/spine-injuries\/"},"modified":"2025-02-27T11:34:01","modified_gmt":"2025-02-27T11:34:01","slug":"lesiones-de-la-medula-espinal","status":"publish","type":"page","link":"https:\/\/patmaloney.com\/es\/lesiones-personales\/lesiones-de-la-medula-espinal\/","title":{"rendered":"Lesiones de la M\u00e9dula Espinal"},"content":{"rendered":"\r\n<p><img decoding=\"async\" title=\"San Antonio spinal cord injury lawyers\" src=\"https:\/\/patmaloney.com\/wp-content\/uploads\/2023\/05\/Spine-Injury.jpg\" alt=\"San Antonio spinal cord injury lawyers\" width=\"895\" height=\"491\" \/><\/p>\r\n<h1><strong>Abogado Especializado en Lesiones de la M\u00e9dula Espinal de San Antonio<\/strong><\/h1>\r\n<h2>Asesor\u00eda legal experimentada para v\u00edctimas de lesiones en la m\u00e9dula espinal y la par\u00e1lisis en Texas<\/h2>\r\n<p>Pocas lesiones son tan graves y transformadoras como las lesiones de la m\u00e9dula espinal. Estas lesiones pueden afectar desde la capacidad de una persona para caminar y moverse hasta su habilidad para trabajar y mantenerse a s\u00ed misma y a su familia. En muchos casos, las v\u00edctimas de lesiones medulares necesitar\u00e1n cuidados y apoyo de por vida. Casi siempre, sufrir\u00e1n un deterioro significativo, ya sea temporal o permanente, adem\u00e1s de dolor cr\u00f3nico severo y otras complicaciones.<\/p>\r\n<p>En Pat Maloney: Abogado de accidentes y lesiones, representamos a personas y familias cuyas vidas se han visto irreversiblemente alteradas por la negligencia de otros. Si usted o un ser querido ha sufrido una lesi\u00f3n en la m\u00e9dula espinal y cree que otra parte es responsable, comun\u00edquese con nosotros de inmediato. Ofrecemos una consulta inicial gratuita para proporcionarle informaci\u00f3n detallada sobre c\u00f3mo podemos luchar por la compensaci\u00f3n que merece.<\/p>\r\n<p><strong>Cont\u00e1ctenos hoy mismo para hablar con un abogado experimentado y compasivo sobre su lesi\u00f3n de la m\u00e9dula espinal. Llame a nuestras oficinas y comencemos a trabajar en su caso de inmediato.<\/strong><\/p>\r\n<h2>Preguntas Frequentes<\/h2>\r\n<ul>\r\n<li><a href=\"#FAQ1\">\u00bfC\u00f3mo puede ayudar un abogado especializado en lesiones de la m\u00e9dula espinal en San Antonio?<\/a><\/li>\r\n<li><a href=\"#FAQ2\">\u00bfQu\u00e9 es una lesi\u00f3n de la m\u00e9dula espinal?<\/a><\/li>\r\n<li><a href=\"#FAQ3\">\u00bfCu\u00e1les son los tipos de lesiones de la m\u00e9dula espinal?<\/a><\/li>\r\n<li><a href=\"#FAQ4\">\u00bfCu\u00e1les son las causas comunes de las lesiones de la m\u00e9dula espinal?<\/a><\/li>\r\n<li><a href=\"#FAQ5\">\u00bfCu\u00e1l es el valor de mi caso de lesi\u00f3n de la m\u00e9dula espinal en San Antonio?<\/a><\/li>\r\n<li><a href=\"#FAQ6\">\u00bfHay alg\u00fan abogado especializado en lesiones de la m\u00e9dula espinal cerca de m\u00ed?<\/a><\/li>\r\n<\/ul>\r\n<p><img decoding=\"async\" title=\"services-1\" src=\"https:\/\/patmaloney.com\/wp-content\/uploads\/2023\/05\/services-1.png\" alt=\"San Antonio injury lawyer Pat Maloney\" width=\"711\" height=\"703\" \/><\/p>\r\n<h2>\u00bfC\u00f3mo puede ayudar un abogado especializado en lesiones de la m\u00e9dula espinal en San Antonio?<\/h2>\r\n<p>Como la firma de abogados m\u00e1s antigua de San Antonio, tenemos una profunda experiencia en la ley de lesiones personales. Desde 1953, hemos defendido con orgullo a personas y familias que han sufrido da\u00f1os devastadores sin ser responsables de los mismos. Estamos completamente preparados para encargarnos de cada aspecto legal, para que usted pueda enfocarse en lo que realmente importa: su recuperaci\u00f3n.<\/p>\r\n<p>Ofrecemos servicios legales tanto en ingl\u00e9s como en espa\u00f1ol, y no cobramos honorarios a menos que recuperemos una compensaci\u00f3n para usted. A lo largo de los a\u00f1os, hemos obtenido m\u00faltiples acuerdos y veredictos millonarios y multimillonarios para nuestros clientes, manteniendo una tasa de \u00e9xito del 99 % en los casos que hemos manejado.<\/p>\r\n<h2>\u00bfQu\u00e9 es una lesi\u00f3n de la m\u00e9dula espinal?<\/h2>\r\n<p>Una lesi\u00f3n de la m\u00e9dula espinal (LME) es un da\u00f1o en la m\u00e9dula espinal que puede resultar en la p\u00e9rdida de funci\u00f3n y sensibilidad por debajo del nivel de la lesi\u00f3n. La m\u00e9dula espinal, que se extiende desde el tronco encef\u00e1lico hasta la parte central de la espalda, es responsable de transmitir mensajes entre el cerebro y el resto del cuerpo.<\/p>\r\n<p>Las lesiones de la m\u00e9dula espinal pueden ser causadas por eventos traum\u00e1ticos, como ca\u00eddas, accidentes automovil\u00edsticos o lesiones deportivas, o por condiciones no traum\u00e1ticas, como tumores, infecciones o enfermedades degenerativas. La gravedad de la lesi\u00f3n var\u00eda, desde una afectaci\u00f3n leve hasta una p\u00e9rdida total de movimiento, sensibilidad y otras funciones corporales.<\/p>\r\n<p>Una LME puede alterar profundamente la vida de una persona, afectando su movilidad, control sobre las funciones intestinales y vesicales, y la funci\u00f3n sexual. El tratamiento generalmente incluye una combinaci\u00f3n de intervenciones m\u00e9dicas y rehabilitaci\u00f3n para restaurar la funci\u00f3n y mejorar la calidad de vida del paciente.<\/p>\r\n<h2>\u00bfCu\u00e1les son los tipos de lesiones de la m\u00e9dula espinal?<\/h2>\r\n<p>Las lesiones de la m\u00e9dula espinal se clasifican en completas e incompletas. Una lesi\u00f3n de la m\u00e9dula espinal completa ocurre cuando la comunicaci\u00f3n entre el cerebro y el cuerpo queda completamente interrumpida por debajo del nivel de la lesi\u00f3n. En cambio, una lesi\u00f3n de la m\u00e9dula espinal incompleta permite que persista algo de comunicaci\u00f3n entre el cerebro y el cuerpo por debajo del punto de la lesi\u00f3n.<\/p>\r\n<p>En general, las lesiones incompletas se consideran menos graves, ya que es menos probable que resulten en una p\u00e9rdida total y permanente de la funci\u00f3n. No obstante, incluso las lesiones incompletas pueden ocasionar complicaciones serias que afectan profundamente la vida diaria de la persona y su bienestar a largo plazo.<\/p>\r\n<p>Las Lesiones medulares completas pueden provocar:<\/p>\r\n<ul>\r\n<li>Paraplejia: Par\u00e1lisis de las extremidades inferiores o de la mitad inferior del cuerpo.<\/li>\r\n<li>Cuadriplejia o Tetraplejia: Par\u00e1lisis de las cuatro extremidades o del cuerpo por debajo del cuello.<\/li>\r\n<li>Triplejia: Par\u00e1lisis de tres extremidades.<\/li>\r\n<\/ul>\r\n<p>Las Lesiones Medulares Incompletas pueden causar una amplia variedad de complicaciones graves y duraderas, dependiendo de la ubicaci\u00f3n de la lesi\u00f3n.<\/p>\r\n<h2>\u00bfCu\u00e1les son las causas comunes de las lesiones de la m\u00e9dula espinal?<\/h2>\r\n<p>Cualquier evento traum\u00e1tico o accidente puede causar una lesi\u00f3n de la m\u00e9dula espinal. Cuando la columna vertebral de una persona se ve sometida a fuerzas repentinas y violentas, pueden producirse da\u00f1os significativos en la m\u00e9dula espinal, as\u00ed como en los m\u00fasculos, tejidos y huesos circundantes.<\/p>\r\n<p>Seg\u00fan la Organizaci\u00f3n Mundial de la Salud (OMS), las principales causas de las lesiones de la m\u00e9dula espinal, en este orden, son:<\/p>\r\n<ol>\r\n<li>Accidentes automovil\u00edsticos.<\/li>\r\n<li>Ca\u00eddas, como resbalones, ca\u00eddas o ca\u00eddas desde alturas.<\/li>\r\n<li>Violencia, incluyendo agresiones.<\/li>\r\n<li>Accidentes laborales.<\/li>\r\n<li>Accidentes deportivos y recreativos.<\/li>\r\n<\/ol>\r\n<p>Las v\u00edctimas de accidentes automovil\u00edsticos, colisiones de camiones, accidentes de motocicletas, accidentes peatonales, ca\u00eddas, negligencia en el lugar de trabajo y otros incidentes graves pueden tener derecho a una compensaci\u00f3n por los da\u00f1os sufridos si pueden demostrar que la conducta negligente o il\u00edcita de otra persona caus\u00f3 el accidente o evento que result\u00f3 en la lesi\u00f3n.<\/p>\r\n<h2>\u00bfCu\u00e1l es el valor de mi caso de lesi\u00f3n de la m\u00e9dula espinal en San Antonio?<\/h2>\r\n<p>Las lesiones de la columna vertebral a menudo requieren tratamiento m\u00e9dico extenso y pueden dejar a las v\u00edctimas sin trabajo durante largos per\u00edodos, lo que incrementa considerablemente el costo total de estas lesiones. En Pat Maloney: Abogado de Accidentes y Lesiones, entendemos los enormes desaf\u00edos financieros, f\u00edsicos y emocionales que enfrentan las personas afectadas por lesiones de la m\u00e9dula espinal. Por eso, luchamos incansablemente para maximizar la compensaci\u00f3n de nuestros clientes, proporcion\u00e1ndoles los recursos necesarios para seguir adelante con sus vidas.<\/p>\r\n<p>Un abogado especializado en lesiones de la m\u00e9dula espinal en San Antonio puede obtener los siguientes da\u00f1os en su nombre:<\/p>\r\n<ul>\r\n<li>Gastos m\u00e9dicos actuales y futuros.<\/li>\r\n<li>P\u00e9rdida de ingresos y salarios actuales y futuros.<\/li>\r\n<li>Dolor y sufrimiento pasados y futuros, incluyendo angustia mental.<\/li>\r\n<li>P\u00e9rdida o reducci\u00f3n de la capacidad para generar ingresos (discapacidad).<\/li>\r\n<li>P\u00e9rdida o disminuci\u00f3n de la calidad de vida.<\/li>\r\n<\/ul>\r\n<p>Nuestro equipo est\u00e1 listo para enfrentar a conductores negligentes, fabricantes de productos defectuosos y otras entidades que no cumplen con su deber de cuidado. Ya sea que haya sufrido una hernia o rotura de disco en un accidente automovil\u00edstico, haya sufrido da\u00f1os debido a un producto defectuoso o haya quedado paralizado debido a un accidente laboral, puede contar con nosotros para luchar por sus derechos.<\/p>\r\n<h2>\u00bfHay alg\u00fan abogado especializado en lesiones de la m\u00e9dula espinal cerca de m\u00ed?<\/h2>\r\n<p>Pat Maloney: Abogado de Accidentes y Lesiones se encuentra en 239 E Commerce St., en el coraz\u00f3n de San Antonio, TX. Nuestro despacho est\u00e1 ubicado en uno de los edificios m\u00e1s hermosos e hist\u00f3ricos de la ciudad, lo que refleja nuestro compromiso con la excelencia y el servicio. Adem\u00e1s, contamos con amplias opciones de estacionamiento en las cercan\u00edas para su conveniencia.<\/p>\r\n<p>Si no puede desplazarse hasta nuestras oficinas no se preocupe, ya que podemos organizar una conferencia telef\u00f3nica o por video para su comodidad. Tambi\u00e9n ofrecemos visitas al hospital, si as\u00ed lo requiere, para que nunca se pierda de la atenci\u00f3n legal que necesita.<\/p>\r\n<h2>Un abogado confiable en San Antonio especializado en lesiones de la m\u00e9dula espinal a su lado<\/h2>\r\n<p>Si usted o un ser querido ha sufrido una lesi\u00f3n de la m\u00e9dula espinal, es crucial contar con la representaci\u00f3n legal de un bufete de abogados con experiencia y conocimiento en este tipo de casos. Un abogado especializado puede guiarlo a trav\u00e9s del complejo sistema legal, responsabilizar a quienes causaron su lesi\u00f3n y asegurarse de que reciba la compensaci\u00f3n que merece.<\/p>\r\n<p>No espere para tomar acci\u00f3n. P\u00f3ngase en contacto con Pat Maloney: Accident &amp; Injury Attorney hoy mismo para revisar su caso y explorar sus opciones legales. Nuestro equipo est\u00e1 listo para brindarle el apoyo y la orientaci\u00f3n necesarios durante este momento dif\u00edcil, trabajando incansablemente para obtener el mejor resultado posible para su situaci\u00f3n. Su bienestar futuro depende de tomar los pasos correctos ahora.<\/p>\r\n<p>Complete nuestro formulario de contacto o llame a nuestras oficinas en San Antonio para solicitar una consulta inicial gratuita con un abogado experimentado y compasivo.<\/p>\r\n","protected":false},"excerpt":{"rendered":"<p>Abogado Especializado en Lesiones de la M\u00e9dula Espinal de San Antonio Asesor\u00eda legal experimentada para v\u00edctimas de lesiones en la m\u00e9dula espinal y la par\u00e1lisis en Texas Pocas lesiones son tan graves y transformadoras como las lesiones de la m\u00e9dula espinal. Estas lesiones pueden afectar desde la capacidad de una persona para caminar y moverse&hellip;<\/p>\n","protected":false},"author":2,"featured_media":0,"parent":4283,"menu_order":0,"comment_status":"closed","ping_status":"closed","template":"","meta":{"footnotes":""},"class_list":["post-4325","page","type-page","status-publish","hentry"],"yoast_head":"<!-- This site is optimized with the Yoast SEO plugin v27.3 - https:\/\/yoast.com\/product\/yoast-seo-wordpress\/ -->\n<title>Abogado Especializado en Lesiones de la M\u00e9dula Espinal de San Antonio<\/title>\n<meta name=\"description\" content=\"Abogado especializado en lesiones de la m\u00e9dula espinal en San Antonio. Luchamos por su compensaci\u00f3n. Cont\u00e1ctenos para una consulta gratuita.\" \/>\n<meta name=\"robots\" content=\"index, follow, max-snippet:-1, max-image-preview:large, max-video-preview:-1\" \/>\n<link rel=\"canonical\" href=\"https:\/\/patmaloney.com\/es\/lesiones-personales\/lesiones-de-la-medula-espinal\/\" \/>\n<meta property=\"og:locale\" content=\"es_ES\" \/>\n<meta property=\"og:type\" content=\"article\" \/>\n<meta property=\"og:title\" content=\"Abogado Especializado en Lesiones de la M\u00e9dula Espinal de San Antonio\" \/>\n<meta property=\"og:description\" content=\"Abogado especializado en lesiones de la m\u00e9dula espinal en San Antonio. Luchamos por su compensaci\u00f3n. Cont\u00e1ctenos para una consulta gratuita.\" \/>\n<meta property=\"og:url\" content=\"https:\/\/patmaloney.com\/es\/lesiones-personales\/lesiones-de-la-medula-espinal\/\" \/>\n<meta property=\"og:site_name\" content=\"Pat Maloney: Accident &amp; Injury Attorney\" \/>\n<meta property=\"article:modified_time\" content=\"2025-02-27T11:34:01+00:00\" \/>\n<meta property=\"og:image\" content=\"https:\/\/patmaloney.com\/wp-content\/uploads\/2023\/05\/Spine-Injury.jpg\" \/>\n<meta name=\"twitter:card\" content=\"summary_large_image\" \/>\n<meta name=\"twitter:label1\" content=\"Tiempo de lectura\" \/>\n\t<meta name=\"twitter:data1\" content=\"8 minutos\" \/>\n<script type=\"application\/ld+json\" class=\"yoast-schema-graph\">{\"@context\":\"https:\\\/\\\/schema.org\",\"@graph\":[{\"@type\":\"WebPage\",\"@id\":\"https:\\\/\\\/patmaloney.com\\\/es\\\/lesiones-personales\\\/lesiones-de-la-medula-espinal\\\/\",\"url\":\"https:\\\/\\\/patmaloney.com\\\/es\\\/lesiones-personales\\\/lesiones-de-la-medula-espinal\\\/\",\"name\":\"Abogado Especializado en Lesiones de la M\u00e9dula Espinal de San Antonio\",\"isPartOf\":{\"@id\":\"https:\\\/\\\/patmaloney.com\\\/es\\\/#website\"},\"primaryImageOfPage\":{\"@id\":\"https:\\\/\\\/patmaloney.com\\\/es\\\/lesiones-personales\\\/lesiones-de-la-medula-espinal\\\/#primaryimage\"},\"image\":{\"@id\":\"https:\\\/\\\/patmaloney.com\\\/es\\\/lesiones-personales\\\/lesiones-de-la-medula-espinal\\\/#primaryimage\"},\"thumbnailUrl\":\"https:\\\/\\\/patmaloney.com\\\/wp-content\\\/uploads\\\/2023\\\/05\\\/Spine-Injury.jpg\",\"datePublished\":\"2023-05-14T17:55:49+00:00\",\"dateModified\":\"2025-02-27T11:34:01+00:00\",\"description\":\"Abogado especializado en lesiones de la m\u00e9dula espinal en San Antonio. Luchamos por su compensaci\u00f3n. Cont\u00e1ctenos para una consulta gratuita.\",\"breadcrumb\":{\"@id\":\"https:\\\/\\\/patmaloney.com\\\/es\\\/lesiones-personales\\\/lesiones-de-la-medula-espinal\\\/#breadcrumb\"},\"inLanguage\":\"es\",\"potentialAction\":[{\"@type\":\"ReadAction\",\"target\":[\"https:\\\/\\\/patmaloney.com\\\/es\\\/lesiones-personales\\\/lesiones-de-la-medula-espinal\\\/\"]}]},{\"@type\":\"ImageObject\",\"inLanguage\":\"es\",\"@id\":\"https:\\\/\\\/patmaloney.com\\\/es\\\/lesiones-personales\\\/lesiones-de-la-medula-espinal\\\/#primaryimage\",\"url\":\"https:\\\/\\\/patmaloney.com\\\/wp-content\\\/uploads\\\/2023\\\/05\\\/Spine-Injury.jpg\",\"contentUrl\":\"https:\\\/\\\/patmaloney.com\\\/wp-content\\\/uploads\\\/2023\\\/05\\\/Spine-Injury.jpg\"},{\"@type\":\"BreadcrumbList\",\"@id\":\"https:\\\/\\\/patmaloney.com\\\/es\\\/lesiones-personales\\\/lesiones-de-la-medula-espinal\\\/#breadcrumb\",\"itemListElement\":[{\"@type\":\"ListItem\",\"position\":1,\"name\":\"Home\",\"item\":\"https:\\\/\\\/patmaloney.com\\\/es\\\/\"},{\"@type\":\"ListItem\",\"position\":2,\"name\":\"Lesiones Personales\",\"item\":\"https:\\\/\\\/patmaloney.com\\\/es\\\/lesiones-personales\\\/\"},{\"@type\":\"ListItem\",\"position\":3,\"name\":\"Lesiones de la M\u00e9dula Espinal\"}]},{\"@type\":\"WebSite\",\"@id\":\"https:\\\/\\\/patmaloney.com\\\/es\\\/#website\",\"url\":\"https:\\\/\\\/patmaloney.com\\\/es\\\/\",\"name\":\"Pat Maloney: Accident & Injury Attorney\",\"description\":\"San Antonio Personal Injury Lawyer\",\"publisher\":{\"@id\":\"https:\\\/\\\/patmaloney.com\\\/es\\\/#organization\"},\"alternateName\":\"Pat Maloney: Accident & Injury Attorney\",\"potentialAction\":[{\"@type\":\"SearchAction\",\"target\":{\"@type\":\"EntryPoint\",\"urlTemplate\":\"https:\\\/\\\/patmaloney.com\\\/es\\\/?s={search_term_string}\"},\"query-input\":{\"@type\":\"PropertyValueSpecification\",\"valueRequired\":true,\"valueName\":\"search_term_string\"}}],\"inLanguage\":\"es\"},{\"@type\":\"Organization\",\"@id\":\"https:\\\/\\\/patmaloney.com\\\/es\\\/#organization\",\"name\":\"Pat Maloney: Accident & Injury Attorney\",\"alternateName\":\"Pat Maloney: Accident & Injury Attorney, P.C.\",\"url\":\"https:\\\/\\\/patmaloney.com\\\/es\\\/\",\"logo\":{\"@type\":\"ImageObject\",\"inLanguage\":\"es\",\"@id\":\"https:\\\/\\\/patmaloney.com\\\/es\\\/#\\\/schema\\\/logo\\\/image\\\/\",\"url\":\"https:\\\/\\\/patmaloney.com\\\/wp-content\\\/uploads\\\/2023\\\/05\\\/MaloneyLogo2024-1.png\",\"contentUrl\":\"https:\\\/\\\/patmaloney.com\\\/wp-content\\\/uploads\\\/2023\\\/05\\\/MaloneyLogo2024-1.png\",\"width\":1400,\"height\":249,\"caption\":\"Pat Maloney: Accident & Injury Attorney\"},\"image\":{\"@id\":\"https:\\\/\\\/patmaloney.com\\\/es\\\/#\\\/schema\\\/logo\\\/image\\\/\"}}]}<\/script>\n<!-- \/ Yoast SEO plugin. -->","yoast_head_json":{"title":"Abogado Especializado en Lesiones de la M\u00e9dula Espinal de San Antonio","description":"Abogado especializado en lesiones de la m\u00e9dula espinal en San Antonio. Luchamos por su compensaci\u00f3n. Cont\u00e1ctenos para una consulta gratuita.","robots":{"index":"index","follow":"follow","max-snippet":"max-snippet:-1","max-image-preview":"max-image-preview:large","max-video-preview":"max-video-preview:-1"},"canonical":"https:\/\/patmaloney.com\/es\/lesiones-personales\/lesiones-de-la-medula-espinal\/","og_locale":"es_ES","og_type":"article","og_title":"Abogado Especializado en Lesiones de la M\u00e9dula Espinal de San Antonio","og_description":"Abogado especializado en lesiones de la m\u00e9dula espinal en San Antonio. Luchamos por su compensaci\u00f3n. Cont\u00e1ctenos para una consulta gratuita.","og_url":"https:\/\/patmaloney.com\/es\/lesiones-personales\/lesiones-de-la-medula-espinal\/","og_site_name":"Pat Maloney: Accident &amp; Injury Attorney","article_modified_time":"2025-02-27T11:34:01+00:00","og_image":[{"url":"https:\/\/patmaloney.com\/wp-content\/uploads\/2023\/05\/Spine-Injury.jpg","type":"","width":"","height":""}],"twitter_card":"summary_large_image","twitter_misc":{"Tiempo de lectura":"8 minutos"},"schema":{"@context":"https:\/\/schema.org","@graph":[{"@type":"WebPage","@id":"https:\/\/patmaloney.com\/es\/lesiones-personales\/lesiones-de-la-medula-espinal\/","url":"https:\/\/patmaloney.com\/es\/lesiones-personales\/lesiones-de-la-medula-espinal\/","name":"Abogado Especializado en Lesiones de la M\u00e9dula Espinal de San Antonio","isPartOf":{"@id":"https:\/\/patmaloney.com\/es\/#website"},"primaryImageOfPage":{"@id":"https:\/\/patmaloney.com\/es\/lesiones-personales\/lesiones-de-la-medula-espinal\/#primaryimage"},"image":{"@id":"https:\/\/patmaloney.com\/es\/lesiones-personales\/lesiones-de-la-medula-espinal\/#primaryimage"},"thumbnailUrl":"https:\/\/patmaloney.com\/wp-content\/uploads\/2023\/05\/Spine-Injury.jpg","datePublished":"2023-05-14T17:55:49+00:00","dateModified":"2025-02-27T11:34:01+00:00","description":"Abogado especializado en lesiones de la m\u00e9dula espinal en San Antonio. Luchamos por su compensaci\u00f3n. Cont\u00e1ctenos para una consulta gratuita.","breadcrumb":{"@id":"https:\/\/patmaloney.com\/es\/lesiones-personales\/lesiones-de-la-medula-espinal\/#breadcrumb"},"inLanguage":"es","potentialAction":[{"@type":"ReadAction","target":["https:\/\/patmaloney.com\/es\/lesiones-personales\/lesiones-de-la-medula-espinal\/"]}]},{"@type":"ImageObject","inLanguage":"es","@id":"https:\/\/patmaloney.com\/es\/lesiones-personales\/lesiones-de-la-medula-espinal\/#primaryimage","url":"https:\/\/patmaloney.com\/wp-content\/uploads\/2023\/05\/Spine-Injury.jpg","contentUrl":"https:\/\/patmaloney.com\/wp-content\/uploads\/2023\/05\/Spine-Injury.jpg"},{"@type":"BreadcrumbList","@id":"https:\/\/patmaloney.com\/es\/lesiones-personales\/lesiones-de-la-medula-espinal\/#breadcrumb","itemListElement":[{"@type":"ListItem","position":1,"name":"Home","item":"https:\/\/patmaloney.com\/es\/"},{"@type":"ListItem","position":2,"name":"Lesiones Personales","item":"https:\/\/patmaloney.com\/es\/lesiones-personales\/"},{"@type":"ListItem","position":3,"name":"Lesiones de la M\u00e9dula Espinal"}]},{"@type":"WebSite","@id":"https:\/\/patmaloney.com\/es\/#website","url":"https:\/\/patmaloney.com\/es\/","name":"Pat Maloney: Accident & Injury Attorney","description":"San Antonio Personal Injury Lawyer","publisher":{"@id":"https:\/\/patmaloney.com\/es\/#organization"},"alternateName":"Pat Maloney: Accident & Injury Attorney","potentialAction":[{"@type":"SearchAction","target":{"@type":"EntryPoint","urlTemplate":"https:\/\/patmaloney.com\/es\/?s={search_term_string}"},"query-input":{"@type":"PropertyValueSpecification","valueRequired":true,"valueName":"search_term_string"}}],"inLanguage":"es"},{"@type":"Organization","@id":"https:\/\/patmaloney.com\/es\/#organization","name":"Pat Maloney: Accident & Injury Attorney","alternateName":"Pat Maloney: Accident & Injury Attorney, P.C.","url":"https:\/\/patmaloney.com\/es\/","logo":{"@type":"ImageObject","inLanguage":"es","@id":"https:\/\/patmaloney.com\/es\/#\/schema\/logo\/image\/","url":"https:\/\/patmaloney.com\/wp-content\/uploads\/2023\/05\/MaloneyLogo2024-1.png","contentUrl":"https:\/\/patmaloney.com\/wp-content\/uploads\/2023\/05\/MaloneyLogo2024-1.png","width":1400,"height":249,"caption":"Pat Maloney: Accident & Injury Attorney"},"image":{"@id":"https:\/\/patmaloney.com\/es\/#\/schema\/logo\/image\/"}}]}},"_links":{"self":[{"href":"https:\/\/patmaloney.com\/es\/wp-json\/wp\/v2\/pages\/4325","targetHints":{"allow":["GET"]}}],"collection":[{"href":"https:\/\/patmaloney.com\/es\/wp-json\/wp\/v2\/pages"}],"about":[{"href":"https:\/\/patmaloney.com\/es\/wp-json\/wp\/v2\/types\/page"}],"author":[{"embeddable":true,"href":"https:\/\/patmaloney.com\/es\/wp-json\/wp\/v2\/users\/2"}],"replies":[{"embeddable":true,"href":"https:\/\/patmaloney.com\/es\/wp-json\/wp\/v2\/comments?post=4325"}],"version-history":[{"count":4,"href":"https:\/\/patmaloney.com\/es\/wp-json\/wp\/v2\/pages\/4325\/revisions"}],"predecessor-version":[{"id":4397,"href":"https:\/\/patmaloney.com\/es\/wp-json\/wp\/v2\/pages\/4325\/revisions\/4397"}],"up":[{"embeddable":true,"href":"https:\/\/patmaloney.com\/es\/wp-json\/wp\/v2\/pages\/4283"}],"wp:attachment":[{"href":"https:\/\/patmaloney.com\/es\/wp-json\/wp\/v2\/media?parent=4325"}],"curies":[{"name":"wp","href":"https:\/\/api.w.org\/{rel}","templated":true}]}}